{"id":899,"date":"2019-03-25T20:25:21","date_gmt":"2019-03-25T18:25:21","guid":{"rendered":"http:\/\/www.pixiedust.fi\/?post_type=product&#038;p=899"},"modified":"2023-11-22T01:18:56","modified_gmt":"2023-11-21T23:18:56","slug":"merinomekko-luonnonvalkoinen-2","status":"publish","type":"product","link":"https:\/\/www.pixiedust.fi\/?product=merinomekko-luonnonvalkoinen-2","title":{"rendered":"Merinomekko, luonnonvalkoinen"},"content":{"rendered":"<p>Naisten pitk\u00e4hihainen\u00a0 A-linjainen mekko.<br \/>\nMekossa on kaareva V-p\u00e4\u00e4ntie, helma on suora ja pituus yli polven.<\/p>\n<p>Luonnonvalkoinen.<\/p>\n<p>Materiaali 100% mulesing vapaata merinovillaa.<br \/>\nMerinovillaneulos on valmistettu Suomessa.<\/p>\n<p>Hoidoksi riitt\u00e4\u00e4 usein tuuletus, pesu max.\u00a030\u00b0C.<\/p>\n<p>Valmistetaan tilauksesta k\u00e4sity\u00f6n\u00e4 Suomessa.<br \/>\nToimitusaika 3-14 vrk.<\/p>\n","protected":false},"excerpt":{"rendered":"<p>Naisten pitk\u00e4hihainen mekko.<br \/>\n100% mulesing vapaata merinovillaa.<\/p>\n","protected":false},"featured_media":2582,"template":"","meta":[],"product_brand":[],"product_cat":[22,54,41],"product_tag":[],"class_list":{"0":"post-899","1":"product","2":"type-product","3":"status-publish","4":"has-post-thumbnail","6":"product_cat-aikuiset","7":"product_cat-kaikki-tuotteet","8":"product_cat-aikuisten-merinovilla-vaatteet","10":"first","11":"instock","12":"taxable","13":"shipping-taxable","14":"purchasable","15":"product-type-variable"},"_links":{"self":[{"href":"https:\/\/www.pixiedust.fi\/index.php?rest_route=\/wp\/v2\/product\/899","targetHints":{"allow":["GET"]}}],"collection":[{"href":"https:\/\/www.pixiedust.fi\/index.php?rest_route=\/wp\/v2\/product"}],"about":[{"href":"https:\/\/www.pixiedust.fi\/index.php?rest_route=\/wp\/v2\/types\/product"}],"wp:featuredmedia":[{"embeddable":true,"href":"https:\/\/www.pixiedust.fi\/index.php?rest_route=\/wp\/v2\/media\/2582"}],"wp:attachment":[{"href":"https:\/\/www.pixiedust.fi\/index.php?rest_route=%2Fwp%2Fv2%2Fmedia&parent=899"}],"wp:term":[{"taxonomy":"product_brand","embeddable":true,"href":"https:\/\/www.pixiedust.fi\/index.php?rest_route=%2Fwp%2Fv2%2Fproduct_brand&post=899"},{"taxonomy":"product_cat","embeddable":true,"href":"https:\/\/www.pixiedust.fi\/index.php?rest_route=%2Fwp%2Fv2%2Fproduct_cat&post=899"},{"taxonomy":"product_tag","embeddable":true,"href":"https:\/\/www.pixiedust.fi\/index.php?rest_route=%2Fwp%2Fv2%2Fproduct_tag&post=899"}],"curies":[{"name":"wp","href":"https:\/\/api.w.org\/{rel}","templated":true}]}}