{"id":3946,"date":"2026-01-11T16:51:42","date_gmt":"2026-01-11T14:51:42","guid":{"rendered":"https:\/\/www.pixiedust.fi\/?post_type=product&#038;p=3946"},"modified":"2026-01-11T18:30:05","modified_gmt":"2026-01-11T16:30:05","slug":"mielo-merinovillapaita-98-kultapiisku-indigo","status":"publish","type":"product","link":"https:\/\/www.pixiedust.fi\/?product=mielo-merinovillapaita-98-kultapiisku-indigo","title":{"rendered":"Mielo merinovillapaita 98, kultapiisku &#038; indigo"},"content":{"rendered":"<p>Lasten pitk\u00e4hihainen merinovillapaita. Koko 98<br \/>\nKasviv\u00e4rj\u00e4tty ensin kultapiiskuilla keltaiseksi ja lopuksi indigolla, luoden tarkoituksella ep\u00e4tasaisen sinert\u00e4v\u00e4n vihre\u00e4n s\u00e4vyn.<br \/>\n<em>(Huom! Mallin p\u00e4\u00e4ll\u00e4 eriv\u00e4rinen paita. Ensimm\u00e4isess\u00e4 kuvassa on t\u00e4m\u00e4 uniikki yksil\u00f6.)<\/em><\/p>\n<p>Materiaali 100% mulesing vapaata merinovillaa.<br \/>\nMerinovillaneulos on valmistettu Suomessa.<\/p>\n<p>Hoidoksi riitt\u00e4\u00e4 usein tuuletus, pesu max. 30\u00b0C.<\/p>\n<p>Valmistettu k\u00e4sity\u00f6n\u00e4 Suomessa.<\/p>\n<p>&nbsp;<\/p>\n","protected":false},"excerpt":{"rendered":"<p>Lasten pitk\u00e4hihainen paita.<br \/>\n100% mulesing vapaata merinovillaa.<br \/>\nKoko 98.<\/p>\n","protected":false},"featured_media":3948,"template":"","meta":[],"product_brand":[],"product_cat":[54,20,16],"product_tag":[],"class_list":{"0":"post-3946","1":"product","2":"type-product","3":"status-publish","4":"has-post-thumbnail","6":"product_cat-kaikki-tuotteet","7":"product_cat-lastenpaidat","8":"product_cat-lapset","10":"first","11":"instock","12":"taxable","13":"shipping-taxable","14":"purchasable","15":"product-type-simple"},"_links":{"self":[{"href":"https:\/\/www.pixiedust.fi\/index.php?rest_route=\/wp\/v2\/product\/3946","targetHints":{"allow":["GET"]}}],"collection":[{"href":"https:\/\/www.pixiedust.fi\/index.php?rest_route=\/wp\/v2\/product"}],"about":[{"href":"https:\/\/www.pixiedust.fi\/index.php?rest_route=\/wp\/v2\/types\/product"}],"wp:featuredmedia":[{"embeddable":true,"href":"https:\/\/www.pixiedust.fi\/index.php?rest_route=\/wp\/v2\/media\/3948"}],"wp:attachment":[{"href":"https:\/\/www.pixiedust.fi\/index.php?rest_route=%2Fwp%2Fv2%2Fmedia&parent=3946"}],"wp:term":[{"taxonomy":"product_brand","embeddable":true,"href":"https:\/\/www.pixiedust.fi\/index.php?rest_route=%2Fwp%2Fv2%2Fproduct_brand&post=3946"},{"taxonomy":"product_cat","embeddable":true,"href":"https:\/\/www.pixiedust.fi\/index.php?rest_route=%2Fwp%2Fv2%2Fproduct_cat&post=3946"},{"taxonomy":"product_tag","embeddable":true,"href":"https:\/\/www.pixiedust.fi\/index.php?rest_route=%2Fwp%2Fv2%2Fproduct_tag&post=3946"}],"curies":[{"name":"wp","href":"https:\/\/api.w.org\/{rel}","templated":true}]}}