{"id":3939,"date":"2026-01-04T20:55:19","date_gmt":"2026-01-04T18:55:19","guid":{"rendered":"https:\/\/www.pixiedust.fi\/?post_type=product&#038;p=3939"},"modified":"2026-01-04T21:14:09","modified_gmt":"2026-01-04T19:14:09","slug":"merinovilla-raglanpaita-henna","status":"publish","type":"product","link":"https:\/\/www.pixiedust.fi\/?product=merinovilla-raglanpaita-henna","title":{"rendered":"Merinovilla raglanpaita, henna"},"content":{"rendered":"<p>Lasten pitk\u00e4hihainen raglanpaita.<br \/>\nEtu- ja takakappale v\u00e4rj\u00e4t\u00e4\u00e4n k\u00e4sity\u00f6n\u00e4 hennajauheella, hihat ja p\u00e4\u00e4ntie ovat luonnonvalkoiset.<br \/>\nK\u00e4sinv\u00e4rj\u00e4tyss\u00e4 tuotteessa voi olla ep\u00e4tasaisuuksia v\u00e4riss\u00e4, se kuuluu asiaan. V\u00e4rj\u00e4yksen lopputulos voi vaihdella hieman, s\u00e4vy on kuitenkin l\u00e4mmin oranssihtavan keltainen.<\/p>\n<p>Materiaali 100% mulesing vapaata merinovillaa.<br \/>\nMerinovillaneulos on valmistettu Suomessa.<\/p>\n<p>Hoidoksi riitt\u00e4\u00e4 usein tuuletus, pesu max. 30\u00b0C.<\/p>\n<p>Paita valmistetaan tilauksesta k\u00e4sity\u00f6n\u00e4 Suomessa. Toimitusaika 5-14 vrk.<\/p>\n<p>Ps. Mik\u00e4li toivot raglanpaidan jossain muussa s\u00e4vyss\u00e4, olethan yhteydess\u00e4 info@pixiedust.fi ennen tilausta. Toiveita t\u00e4ytet\u00e4\u00e4n mahdollisuuksien mukaan.<\/p>\n<p>&nbsp;<\/p>\n<p>&nbsp;<\/p>\n","protected":false},"excerpt":{"rendered":"<p>Lasten pitk\u00e4hihainen raglanpaita.<br \/>\n100% mulesing vapaata merinovillaa.<\/p>\n","protected":false},"featured_media":2605,"template":"","meta":[],"product_brand":[],"product_cat":[54,20,16],"product_tag":[],"class_list":{"0":"post-3939","1":"product","2":"type-product","3":"status-publish","4":"has-post-thumbnail","6":"product_cat-kaikki-tuotteet","7":"product_cat-lastenpaidat","8":"product_cat-lapset","10":"first","11":"instock","12":"taxable","13":"shipping-taxable","14":"purchasable","15":"product-type-variable"},"_links":{"self":[{"href":"https:\/\/www.pixiedust.fi\/index.php?rest_route=\/wp\/v2\/product\/3939","targetHints":{"allow":["GET"]}}],"collection":[{"href":"https:\/\/www.pixiedust.fi\/index.php?rest_route=\/wp\/v2\/product"}],"about":[{"href":"https:\/\/www.pixiedust.fi\/index.php?rest_route=\/wp\/v2\/types\/product"}],"wp:featuredmedia":[{"embeddable":true,"href":"https:\/\/www.pixiedust.fi\/index.php?rest_route=\/wp\/v2\/media\/2605"}],"wp:attachment":[{"href":"https:\/\/www.pixiedust.fi\/index.php?rest_route=%2Fwp%2Fv2%2Fmedia&parent=3939"}],"wp:term":[{"taxonomy":"product_brand","embeddable":true,"href":"https:\/\/www.pixiedust.fi\/index.php?rest_route=%2Fwp%2Fv2%2Fproduct_brand&post=3939"},{"taxonomy":"product_cat","embeddable":true,"href":"https:\/\/www.pixiedust.fi\/index.php?rest_route=%2Fwp%2Fv2%2Fproduct_cat&post=3939"},{"taxonomy":"product_tag","embeddable":true,"href":"https:\/\/www.pixiedust.fi\/index.php?rest_route=%2Fwp%2Fv2%2Fproduct_tag&post=3939"}],"curies":[{"name":"wp","href":"https:\/\/api.w.org\/{rel}","templated":true}]}}