{"id":3933,"date":"2025-12-28T17:12:51","date_gmt":"2025-12-28T15:12:51","guid":{"rendered":"https:\/\/www.pixiedust.fi\/?post_type=product&#038;p=3933"},"modified":"2025-12-28T17:17:31","modified_gmt":"2025-12-28T15:17:31","slug":"donitsiboxi","status":"publish","type":"product","link":"https:\/\/www.pixiedust.fi\/?product=donitsiboxi","title":{"rendered":"Donitsiboxi"},"content":{"rendered":"<p>Donitsiboxi sis\u00e4lt\u00e4\u00e4 6 kpl kasviv\u00e4rj\u00e4ttyj\u00e4 merinovilla hiusdonitseja. Kuminauhan ymp\u00e4rys noin 15cm.<\/p>\n<p>S\u00e4vyt vaihtelee, jokainen laatikko on erilainen.<br \/>\n<span style=\"font-weight: 400;\">Voit antaa joko minun valita kaikki s\u00e4vyt tai voit tilauksen kommenttikentt\u00e4\u00e4n kirjoittaa toiveita, esim. kaksi vaaleaa keltaista, yksi oranssi, kaksi vihre\u00e4\u00e4 tms. Voit toivoa laatikkoon my\u00f6s luonnonvalkoisia merinovilla hiusdonitseja, niit\u00e4 on saatavilla aina. Kaikki s\u00e4vytoiveet t\u00e4ytet\u00e4\u00e4n mahdollisuuksien mukaan.<\/span><span style=\"font-weight: 400;\"><br \/>\n<\/span><span style=\"font-weight: 400;\">T\u00e4ysin saman s\u00e4vyisi\u00e4 ei v\u00e4ltt\u00e4m\u00e4tt\u00e4 synny montaa, kun hiusdonitsit valmistetaan leikkuupaloista, joita vaatteiden valmistuksesta on j\u00e4\u00e4nyt.<br \/>\n<\/span><br \/>\nMateriaali 100% mulesing vapaa merinovilla.<\/p>\n<p>Donitsiboxit valmistetaan tilausten mukaan ja toimitetaan noin viikon kuluessa tilauksesta.<\/p>\n<p>Yksitt\u00e4isten hiusdonitsien hinta on normaalisti 10\u20ac\/kpl, eli nyt boxissa ostettuna hintaa j\u00e4\u00e4 8,33\u20ac\/kpl.<\/p>\n","protected":false},"excerpt":{"rendered":"<p>6 kpl hiusdonitseja.<\/p>\n","protected":false},"featured_media":3932,"template":"","meta":[],"product_brand":[],"product_cat":[23,35,54],"product_tag":[],"class_list":{"0":"post-3933","1":"product","2":"type-product","3":"status-publish","4":"has-post-thumbnail","6":"product_cat-asusteet","7":"product_cat-hiusdonitsi","8":"product_cat-kaikki-tuotteet","10":"first","11":"instock","12":"taxable","13":"shipping-taxable","14":"purchasable","15":"product-type-simple"},"_links":{"self":[{"href":"https:\/\/www.pixiedust.fi\/index.php?rest_route=\/wp\/v2\/product\/3933","targetHints":{"allow":["GET"]}}],"collection":[{"href":"https:\/\/www.pixiedust.fi\/index.php?rest_route=\/wp\/v2\/product"}],"about":[{"href":"https:\/\/www.pixiedust.fi\/index.php?rest_route=\/wp\/v2\/types\/product"}],"wp:featuredmedia":[{"embeddable":true,"href":"https:\/\/www.pixiedust.fi\/index.php?rest_route=\/wp\/v2\/media\/3932"}],"wp:attachment":[{"href":"https:\/\/www.pixiedust.fi\/index.php?rest_route=%2Fwp%2Fv2%2Fmedia&parent=3933"}],"wp:term":[{"taxonomy":"product_brand","embeddable":true,"href":"https:\/\/www.pixiedust.fi\/index.php?rest_route=%2Fwp%2Fv2%2Fproduct_brand&post=3933"},{"taxonomy":"product_cat","embeddable":true,"href":"https:\/\/www.pixiedust.fi\/index.php?rest_route=%2Fwp%2Fv2%2Fproduct_cat&post=3933"},{"taxonomy":"product_tag","embeddable":true,"href":"https:\/\/www.pixiedust.fi\/index.php?rest_route=%2Fwp%2Fv2%2Fproduct_tag&post=3933"}],"curies":[{"name":"wp","href":"https:\/\/api.w.org\/{rel}","templated":true}]}}