{"id":3804,"date":"2025-04-19T10:28:33","date_gmt":"2025-04-19T07:28:33","guid":{"rendered":"https:\/\/www.pixiedust.fi\/?post_type=product&#038;p=3804"},"modified":"2025-04-19T10:28:33","modified_gmt":"2025-04-19T07:28:33","slug":"helke-hamppuhousut","status":"publish","type":"product","link":"https:\/\/www.pixiedust.fi\/?product=helke-hamppuhousut","title":{"rendered":"Helke hamppuhousut"},"content":{"rendered":"<p>Aikuisten hamppuhousut.<br \/>\nVy\u00f6t\u00e4r\u00f6ll\u00e4 kuminauha sek\u00e4 hamppukankaasta valmistettu nauha, jolla vy\u00f6r\u00e4r\u00f6\u00e4 saa kiristetty\u00e4.<br \/>\nHousuissa on etutaskut. Valittavissa on kolme eri lahkeen pituutta, jotta mahdollisimman monelle l\u00f6ytyisi valmiiksi sopivan mittaiset housut.<\/p>\n<p>Materiaali 100% hamppu.<br \/>\nV\u00e4rj\u00e4\u00e4m\u00e4t\u00f6n hamppukangas valmistetaan Romaniassa. Hamppu on materiaalina eritt\u00e4in ymp\u00e4rist\u00f6yst\u00e4v\u00e4llinen. Kasvaessaan se parantaa maaper\u00e4\u00e4 eik\u00e4 se vaadi torjunta-aineita.<\/p>\n<p>Hoito-ohjeena ensisijaisesti aina tuuletus. Konepesu 40\u00b0C.<br \/>\nRumpukuivausta ei suositella.<\/p>\n<p>Housut valmistetaan tilauksesta k\u00e4sity\u00f6n\u00e4 Suomessa.<br \/>\nToimitusaika 5-14 vrk.<\/p>\n<p>Viimeisest\u00e4 kuvasta l\u00f6yd\u00e4t vaatteen mitat.<br \/>\nMik\u00e4li mietit kahden koon v\u00e4lill\u00e4 tai toivoisit housuja omilla mitoilla olethan yhteydess\u00e4; info@pixiedust.fi, niin valmistan sinulle sopivat housut.<\/p>\n","protected":false},"excerpt":{"rendered":"<p>Aikuisten hamppuhousut.<br \/>\n100% hamppu.<\/p>\n","protected":false},"featured_media":3828,"template":"","meta":[],"product_brand":[],"product_cat":[22,42],"product_tag":[57,46],"class_list":{"0":"post-3804","1":"product","2":"type-product","3":"status-publish","4":"has-post-thumbnail","6":"product_cat-aikuiset","7":"product_cat-aikuisten-hamppuvaatteet","8":"product_tag-hamppuhousut","9":"product_tag-hamppuvaatteet","11":"first","12":"instock","13":"taxable","14":"shipping-taxable","15":"purchasable","16":"product-type-variable"},"_links":{"self":[{"href":"https:\/\/www.pixiedust.fi\/index.php?rest_route=\/wp\/v2\/product\/3804","targetHints":{"allow":["GET"]}}],"collection":[{"href":"https:\/\/www.pixiedust.fi\/index.php?rest_route=\/wp\/v2\/product"}],"about":[{"href":"https:\/\/www.pixiedust.fi\/index.php?rest_route=\/wp\/v2\/types\/product"}],"wp:featuredmedia":[{"embeddable":true,"href":"https:\/\/www.pixiedust.fi\/index.php?rest_route=\/wp\/v2\/media\/3828"}],"wp:attachment":[{"href":"https:\/\/www.pixiedust.fi\/index.php?rest_route=%2Fwp%2Fv2%2Fmedia&parent=3804"}],"wp:term":[{"taxonomy":"product_brand","embeddable":true,"href":"https:\/\/www.pixiedust.fi\/index.php?rest_route=%2Fwp%2Fv2%2Fproduct_brand&post=3804"},{"taxonomy":"product_cat","embeddable":true,"href":"https:\/\/www.pixiedust.fi\/index.php?rest_route=%2Fwp%2Fv2%2Fproduct_cat&post=3804"},{"taxonomy":"product_tag","embeddable":true,"href":"https:\/\/www.pixiedust.fi\/index.php?rest_route=%2Fwp%2Fv2%2Fproduct_tag&post=3804"}],"curies":[{"name":"wp","href":"https:\/\/api.w.org\/{rel}","templated":true}]}}