{"id":3749,"date":"2025-01-22T10:32:13","date_gmt":"2025-01-22T08:32:13","guid":{"rendered":"https:\/\/www.pixiedust.fi\/?post_type=product&#038;p=3749"},"modified":"2025-08-14T12:53:08","modified_gmt":"2025-08-14T09:53:08","slug":"isla-merinovillapaita-m-kultapiisku-jalopahkinan-kuori","status":"publish","type":"product","link":"https:\/\/www.pixiedust.fi\/?product=isla-merinovillapaita-m-kultapiisku-jalopahkinan-kuori","title":{"rendered":"Isla merinovillapaita M, kultapiisku &#038; jalop\u00e4hkin\u00e4n kuori"},"content":{"rendered":"<p>Naisten pitk\u00e4hihainen paita kaarevalla v-p\u00e4\u00e4ntiell\u00e4.<br \/>\nMalli on v\u00e4lj\u00e4 rinnanymp\u00e4ryksest\u00e4, asettuu hyvin lantiolle ja hihat on istuvat.<\/p>\n<p>Koko M.<\/p>\n<p>Kasviv\u00e4rj\u00e4tty kultapiiskulla ja jalop\u00e4hkin\u00e4n kuori jauheella sek\u00e4 lopuksi on tehty rautapuretus.<br \/>\nK\u00e4sinv\u00e4rj\u00e4tyss\u00e4 tuottessa voi olla ep\u00e4tasaisuuksia v\u00e4riss\u00e4.<\/p>\n<p>Materiaali 100% mulesing vapaata merinovillaa.<br \/>\nMerinovillaneulos on valmistettu Suomessa.<\/p>\n<p>Hoidoksi riitt\u00e4\u00e4 usein tuuletus, pesu max. 30\u00b0C.<\/p>\n<p>Valmistettu k\u00e4sity\u00f6n\u00e4 Suomessa.<\/p>\n<p>Tarkat materiaalitiedot ja hoito-ohjeet l\u00f6yd\u00e4t <a href=\"https:\/\/www.pixiedust.fi\/?page_id=279\">t\u00e4\u00e4lt\u00e4.<\/a><\/p>\n","protected":false},"excerpt":{"rendered":"<p>Naisten pitk\u00e4hihainen paita.<br \/>\n100% mulesing vapaata merinovillaa.<br \/>\nKoko M.<\/p>\n","protected":false},"featured_media":3750,"template":"","meta":[],"product_brand":[],"product_cat":[22,54,41],"product_tag":[],"class_list":{"0":"post-3749","1":"product","2":"type-product","3":"status-publish","4":"has-post-thumbnail","6":"product_cat-aikuiset","7":"product_cat-kaikki-tuotteet","8":"product_cat-aikuisten-merinovilla-vaatteet","10":"first","11":"instock","12":"taxable","13":"shipping-taxable","14":"purchasable","15":"product-type-simple"},"_links":{"self":[{"href":"https:\/\/www.pixiedust.fi\/index.php?rest_route=\/wp\/v2\/product\/3749","targetHints":{"allow":["GET"]}}],"collection":[{"href":"https:\/\/www.pixiedust.fi\/index.php?rest_route=\/wp\/v2\/product"}],"about":[{"href":"https:\/\/www.pixiedust.fi\/index.php?rest_route=\/wp\/v2\/types\/product"}],"wp:featuredmedia":[{"embeddable":true,"href":"https:\/\/www.pixiedust.fi\/index.php?rest_route=\/wp\/v2\/media\/3750"}],"wp:attachment":[{"href":"https:\/\/www.pixiedust.fi\/index.php?rest_route=%2Fwp%2Fv2%2Fmedia&parent=3749"}],"wp:term":[{"taxonomy":"product_brand","embeddable":true,"href":"https:\/\/www.pixiedust.fi\/index.php?rest_route=%2Fwp%2Fv2%2Fproduct_brand&post=3749"},{"taxonomy":"product_cat","embeddable":true,"href":"https:\/\/www.pixiedust.fi\/index.php?rest_route=%2Fwp%2Fv2%2Fproduct_cat&post=3749"},{"taxonomy":"product_tag","embeddable":true,"href":"https:\/\/www.pixiedust.fi\/index.php?rest_route=%2Fwp%2Fv2%2Fproduct_tag&post=3749"}],"curies":[{"name":"wp","href":"https:\/\/api.w.org\/{rel}","templated":true}]}}