{"id":3738,"date":"2025-01-22T10:13:54","date_gmt":"2025-01-22T08:13:54","guid":{"rendered":"https:\/\/www.pixiedust.fi\/?post_type=product&#038;p=3738"},"modified":"2025-08-14T12:49:12","modified_gmt":"2025-08-14T09:49:12","slug":"amelie-hamppupaita-indigo-38","status":"publish","type":"product","link":"https:\/\/www.pixiedust.fi\/?product=amelie-hamppupaita-indigo-38","title":{"rendered":"Amelie hamppupaita, indigo 38"},"content":{"rendered":"<p>Pitk\u00e4hihainen paita v-p\u00e4\u00e4ntiell\u00e4.<br \/>\nPaidassa on rintamuotolaskokset. Hihat on pitk\u00e4t ja hihansuussa on kuminauha.<br \/>\nSel\u00e4n puolella kaareva sauma, jossa poimutusta.<\/p>\n<p>Materiaali 100% hamppu.<br \/>\nKangas on valmistettu Romaniassa.<\/p>\n<p>Paita on kasviv\u00e4rj\u00e4tty k\u00e4sity\u00f6n\u00e4 indigolla ja valmistettu Suomessa.<\/p>\n<p>Koko 38.<\/p>\n<p>Mitoitus on v\u00e4lj\u00e4, huomaa vaatteen mitat viimeisest\u00e4 kuvasta.<br \/>\nMallin p\u00e4\u00e4ll\u00e4 v\u00e4rj\u00e4\u00e4m\u00e4t\u00f6n Amelie paita.<\/p>\n","protected":false},"excerpt":{"rendered":"<p>Pitk\u00e4hihainen paita.<br \/>\n100% hamppu.<br \/>\nKoko 38.<\/p>\n","protected":false},"featured_media":3869,"template":"","meta":[],"product_brand":[],"product_cat":[22,42,54],"product_tag":[],"class_list":{"0":"post-3738","1":"product","2":"type-product","3":"status-publish","4":"has-post-thumbnail","6":"product_cat-aikuiset","7":"product_cat-aikuisten-hamppuvaatteet","8":"product_cat-kaikki-tuotteet","10":"first","11":"instock","12":"taxable","13":"shipping-taxable","14":"purchasable","15":"product-type-simple"},"_links":{"self":[{"href":"https:\/\/www.pixiedust.fi\/index.php?rest_route=\/wp\/v2\/product\/3738","targetHints":{"allow":["GET"]}}],"collection":[{"href":"https:\/\/www.pixiedust.fi\/index.php?rest_route=\/wp\/v2\/product"}],"about":[{"href":"https:\/\/www.pixiedust.fi\/index.php?rest_route=\/wp\/v2\/types\/product"}],"wp:featuredmedia":[{"embeddable":true,"href":"https:\/\/www.pixiedust.fi\/index.php?rest_route=\/wp\/v2\/media\/3869"}],"wp:attachment":[{"href":"https:\/\/www.pixiedust.fi\/index.php?rest_route=%2Fwp%2Fv2%2Fmedia&parent=3738"}],"wp:term":[{"taxonomy":"product_brand","embeddable":true,"href":"https:\/\/www.pixiedust.fi\/index.php?rest_route=%2Fwp%2Fv2%2Fproduct_brand&post=3738"},{"taxonomy":"product_cat","embeddable":true,"href":"https:\/\/www.pixiedust.fi\/index.php?rest_route=%2Fwp%2Fv2%2Fproduct_cat&post=3738"},{"taxonomy":"product_tag","embeddable":true,"href":"https:\/\/www.pixiedust.fi\/index.php?rest_route=%2Fwp%2Fv2%2Fproduct_tag&post=3738"}],"curies":[{"name":"wp","href":"https:\/\/api.w.org\/{rel}","templated":true}]}}