{"id":3716,"date":"2024-12-29T18:04:47","date_gmt":"2024-12-29T16:04:47","guid":{"rendered":"https:\/\/www.pixiedust.fi\/?post_type=product&#038;p=3716"},"modified":"2025-03-13T15:17:55","modified_gmt":"2025-03-13T13:17:55","slug":"miisa-merinovillapanta-lupiinin-kukinto","status":"publish","type":"product","link":"https:\/\/www.pixiedust.fi\/?product=miisa-merinovillapanta-lupiinin-kukinto","title":{"rendered":"Miisa merinovillapanta, lupiinin kukinto"},"content":{"rendered":"<p>Merinovillapanta, jossa solmuke edess\u00e4.<\/p>\n<p>Kasviv\u00e4rj\u00e4tty k\u00e4sity\u00f6n\u00e4 lupiinin kukinnoilla.<\/p>\n<p>Yksi koko. Pannan ymp\u00e4rysmitta tasolla 45cm, neulos joustaa hyvin ja sopii aikuisen p\u00e4\u00e4h\u00e4n.<br \/>\nKorkeus n. 9cm,\u00a0 solmukkeen kohdalta n. 3,5cm.<\/p>\n<p>Materiaali 100% mulesing vapaata merinovillaa.<br \/>\nMerinovillaneulos on valmistettu Suomessa.<\/p>\n<p>Hoidoksi riitt\u00e4\u00e4 usein tuuletus, pesu max. 30\u00b0C.<\/p>\n<p>Valmistetaan tilauksesta k\u00e4sity\u00f6n\u00e4 Suomessa.<br \/>\nToimitusaika 3-14 vrk.<\/p>\n","protected":false},"excerpt":{"rendered":"<p>Merinovillapanta.<br \/>\n100% mulesing vapaata merinovillaa.<\/p>\n","protected":false},"featured_media":3717,"template":"","meta":[],"product_brand":[],"product_cat":[29,23,54],"product_tag":[],"class_list":{"0":"post-3716","1":"product","2":"type-product","3":"status-publish","4":"has-post-thumbnail","6":"product_cat-aikuisten-pannat","7":"product_cat-asusteet","8":"product_cat-kaikki-tuotteet","10":"first","11":"instock","12":"taxable","13":"shipping-taxable","14":"purchasable","15":"product-type-simple"},"_links":{"self":[{"href":"https:\/\/www.pixiedust.fi\/index.php?rest_route=\/wp\/v2\/product\/3716","targetHints":{"allow":["GET"]}}],"collection":[{"href":"https:\/\/www.pixiedust.fi\/index.php?rest_route=\/wp\/v2\/product"}],"about":[{"href":"https:\/\/www.pixiedust.fi\/index.php?rest_route=\/wp\/v2\/types\/product"}],"wp:featuredmedia":[{"embeddable":true,"href":"https:\/\/www.pixiedust.fi\/index.php?rest_route=\/wp\/v2\/media\/3717"}],"wp:attachment":[{"href":"https:\/\/www.pixiedust.fi\/index.php?rest_route=%2Fwp%2Fv2%2Fmedia&parent=3716"}],"wp:term":[{"taxonomy":"product_brand","embeddable":true,"href":"https:\/\/www.pixiedust.fi\/index.php?rest_route=%2Fwp%2Fv2%2Fproduct_brand&post=3716"},{"taxonomy":"product_cat","embeddable":true,"href":"https:\/\/www.pixiedust.fi\/index.php?rest_route=%2Fwp%2Fv2%2Fproduct_cat&post=3716"},{"taxonomy":"product_tag","embeddable":true,"href":"https:\/\/www.pixiedust.fi\/index.php?rest_route=%2Fwp%2Fv2%2Fproduct_tag&post=3716"}],"curies":[{"name":"wp","href":"https:\/\/api.w.org\/{rel}","templated":true}]}}