{"id":3709,"date":"2024-12-29T17:38:04","date_gmt":"2024-12-29T15:38:04","guid":{"rendered":"https:\/\/www.pixiedust.fi\/?post_type=product&#038;p=3709"},"modified":"2024-12-29T17:41:49","modified_gmt":"2024-12-29T15:41:49","slug":"solmupanta-verihelttaseitikki-krappijuuri","status":"publish","type":"product","link":"https:\/\/www.pixiedust.fi\/?product=solmupanta-verihelttaseitikki-krappijuuri","title":{"rendered":"Solmupanta, verihelttaseitikki \/ krappijuuri"},"content":{"rendered":"<p>Solmupanta.<br \/>\nKaksiv\u00e4rinen, toinen puoli v\u00e4rj\u00e4tty verihelttaseitikeill\u00e4 ja toinen puoli krappijuurella.<br \/>\nK\u00e4sinv\u00e4rj\u00e4tyss\u00e4 tuotteessa voi olla ep\u00e4tasaisuuksia v\u00e4riss\u00e4.<\/p>\n<p>Materiaali 100% mulesing vapaata merinovillaa.<br \/>\nMerinovillaneulos on valmistettu Suomessa.<\/p>\n<p>Hoidoksi riitt\u00e4\u00e4 usein tuuletus, pesu max. 30\u00b0C.<\/p>\n<p>Valmistettu k\u00e4sity\u00f6n\u00e4 Suomessa.<\/p>\n","protected":false},"excerpt":{"rendered":"<p>Solmupanta.<br \/>\n100% mulesing vapaata merinovillaa.<\/p>\n","protected":false},"featured_media":3711,"template":"","meta":[],"product_brand":[],"product_cat":[29,23,54],"product_tag":[],"class_list":{"0":"post-3709","1":"product","2":"type-product","3":"status-publish","4":"has-post-thumbnail","6":"product_cat-aikuisten-pannat","7":"product_cat-asusteet","8":"product_cat-kaikki-tuotteet","10":"first","11":"instock","12":"taxable","13":"shipping-taxable","14":"purchasable","15":"product-type-simple"},"_links":{"self":[{"href":"https:\/\/www.pixiedust.fi\/index.php?rest_route=\/wp\/v2\/product\/3709","targetHints":{"allow":["GET"]}}],"collection":[{"href":"https:\/\/www.pixiedust.fi\/index.php?rest_route=\/wp\/v2\/product"}],"about":[{"href":"https:\/\/www.pixiedust.fi\/index.php?rest_route=\/wp\/v2\/types\/product"}],"wp:featuredmedia":[{"embeddable":true,"href":"https:\/\/www.pixiedust.fi\/index.php?rest_route=\/wp\/v2\/media\/3711"}],"wp:attachment":[{"href":"https:\/\/www.pixiedust.fi\/index.php?rest_route=%2Fwp%2Fv2%2Fmedia&parent=3709"}],"wp:term":[{"taxonomy":"product_brand","embeddable":true,"href":"https:\/\/www.pixiedust.fi\/index.php?rest_route=%2Fwp%2Fv2%2Fproduct_brand&post=3709"},{"taxonomy":"product_cat","embeddable":true,"href":"https:\/\/www.pixiedust.fi\/index.php?rest_route=%2Fwp%2Fv2%2Fproduct_cat&post=3709"},{"taxonomy":"product_tag","embeddable":true,"href":"https:\/\/www.pixiedust.fi\/index.php?rest_route=%2Fwp%2Fv2%2Fproduct_tag&post=3709"}],"curies":[{"name":"wp","href":"https:\/\/api.w.org\/{rel}","templated":true}]}}