{"id":3707,"date":"2024-12-29T17:34:26","date_gmt":"2024-12-29T15:34:26","guid":{"rendered":"https:\/\/www.pixiedust.fi\/?post_type=product&#038;p=3707"},"modified":"2024-12-29T17:42:50","modified_gmt":"2024-12-29T15:42:50","slug":"solmupanta-jalopahkinan-kuori-maitohorsma","status":"publish","type":"product","link":"https:\/\/www.pixiedust.fi\/?product=solmupanta-jalopahkinan-kuori-maitohorsma","title":{"rendered":"Solmupanta, jalop\u00e4hkin\u00e4n kuori \/ maitohorsma"},"content":{"rendered":"<p>Solmupanta.<br \/>\nKaksiv\u00e4rinen, toinen puoli v\u00e4rj\u00e4tty jalop\u00e4hkin\u00e4n kuorilla ja toinen puoli maitohorsmalla.<br \/>\nK\u00e4sinv\u00e4rj\u00e4tyss\u00e4 tuotteessa voi olla ep\u00e4tasaisuuksia v\u00e4riss\u00e4.<\/p>\n<p>Materiaali 100% mulesing vapaata merinovillaa.<br \/>\nMerinovillaneulos on valmistettu Suomessa.<\/p>\n<p>Hoidoksi riitt\u00e4\u00e4 usein tuuletus, pesu max. 30\u00b0C.<\/p>\n<p>Valmistettu k\u00e4sity\u00f6n\u00e4 Suomessa.<\/p>\n","protected":false},"excerpt":{"rendered":"<p>Solmupanta.<br \/>\n100% mulesing vapaata merinovillaa.<\/p>\n","protected":false},"featured_media":3708,"template":"","meta":[],"product_brand":[],"product_cat":[29,23,54],"product_tag":[],"class_list":{"0":"post-3707","1":"product","2":"type-product","3":"status-publish","4":"has-post-thumbnail","6":"product_cat-aikuisten-pannat","7":"product_cat-asusteet","8":"product_cat-kaikki-tuotteet","10":"first","11":"instock","12":"taxable","13":"shipping-taxable","14":"purchasable","15":"product-type-simple"},"_links":{"self":[{"href":"https:\/\/www.pixiedust.fi\/index.php?rest_route=\/wp\/v2\/product\/3707","targetHints":{"allow":["GET"]}}],"collection":[{"href":"https:\/\/www.pixiedust.fi\/index.php?rest_route=\/wp\/v2\/product"}],"about":[{"href":"https:\/\/www.pixiedust.fi\/index.php?rest_route=\/wp\/v2\/types\/product"}],"wp:featuredmedia":[{"embeddable":true,"href":"https:\/\/www.pixiedust.fi\/index.php?rest_route=\/wp\/v2\/media\/3708"}],"wp:attachment":[{"href":"https:\/\/www.pixiedust.fi\/index.php?rest_route=%2Fwp%2Fv2%2Fmedia&parent=3707"}],"wp:term":[{"taxonomy":"product_brand","embeddable":true,"href":"https:\/\/www.pixiedust.fi\/index.php?rest_route=%2Fwp%2Fv2%2Fproduct_brand&post=3707"},{"taxonomy":"product_cat","embeddable":true,"href":"https:\/\/www.pixiedust.fi\/index.php?rest_route=%2Fwp%2Fv2%2Fproduct_cat&post=3707"},{"taxonomy":"product_tag","embeddable":true,"href":"https:\/\/www.pixiedust.fi\/index.php?rest_route=%2Fwp%2Fv2%2Fproduct_tag&post=3707"}],"curies":[{"name":"wp","href":"https:\/\/api.w.org\/{rel}","templated":true}]}}