{"id":3583,"date":"2024-05-03T17:20:41","date_gmt":"2024-05-03T14:20:41","guid":{"rendered":"https:\/\/www.pixiedust.fi\/?post_type=product&#038;p=3583"},"modified":"2026-01-11T18:31:19","modified_gmt":"2026-01-11T16:31:19","slug":"naisten-merinovilla-t-paita-s-krappijuuri-tarajauhe","status":"publish","type":"product","link":"https:\/\/www.pixiedust.fi\/?product=naisten-merinovilla-t-paita-s-krappijuuri-tarajauhe","title":{"rendered":"Naisten merinovilla t-paita S, krappijuuri &#038; tarajauhe"},"content":{"rendered":"<p>Naisten t-paita. Koko S.<br \/>\nKasviv\u00e4rj\u00e4tty krappijuurella ja tarajauheella. K\u00e4sity\u00f6n\u00e4 v\u00e4rj\u00e4tyiss\u00e4 vaatteissa voi olla ep\u00e4tasaisuuksia v\u00e4riss\u00e4 ja t\u00e4m\u00e4 paita on tarkoituksella erityisen ep\u00e4tasainen.<\/p>\n<p>Materiaali 100% mulesing vapaata merinovillaa.<br \/>\nMerinovillaneulos on valmistettu Suomessa.<\/p>\n<p>Hoidoksi riitt\u00e4\u00e4 usein tuuletus, pesu max. 30\u00b0C.<\/p>\n<p>Valmistettu k\u00e4sity\u00f6n\u00e4 Suomessa.<\/p>\n<p>&nbsp;<\/p>\n","protected":false},"excerpt":{"rendered":"<p>Naisten t-paita.<br \/>\n100% mulesing vapaata merinovillaa.<br \/>\nKoko S.<\/p>\n","protected":false},"featured_media":3584,"template":"","meta":[],"product_brand":[],"product_cat":[22,54,41],"product_tag":[],"class_list":{"0":"post-3583","1":"product","2":"type-product","3":"status-publish","4":"has-post-thumbnail","6":"product_cat-aikuiset","7":"product_cat-kaikki-tuotteet","8":"product_cat-aikuisten-merinovilla-vaatteet","10":"first","11":"instock","12":"taxable","13":"shipping-taxable","14":"purchasable","15":"product-type-simple"},"_links":{"self":[{"href":"https:\/\/www.pixiedust.fi\/index.php?rest_route=\/wp\/v2\/product\/3583","targetHints":{"allow":["GET"]}}],"collection":[{"href":"https:\/\/www.pixiedust.fi\/index.php?rest_route=\/wp\/v2\/product"}],"about":[{"href":"https:\/\/www.pixiedust.fi\/index.php?rest_route=\/wp\/v2\/types\/product"}],"wp:featuredmedia":[{"embeddable":true,"href":"https:\/\/www.pixiedust.fi\/index.php?rest_route=\/wp\/v2\/media\/3584"}],"wp:attachment":[{"href":"https:\/\/www.pixiedust.fi\/index.php?rest_route=%2Fwp%2Fv2%2Fmedia&parent=3583"}],"wp:term":[{"taxonomy":"product_brand","embeddable":true,"href":"https:\/\/www.pixiedust.fi\/index.php?rest_route=%2Fwp%2Fv2%2Fproduct_brand&post=3583"},{"taxonomy":"product_cat","embeddable":true,"href":"https:\/\/www.pixiedust.fi\/index.php?rest_route=%2Fwp%2Fv2%2Fproduct_cat&post=3583"},{"taxonomy":"product_tag","embeddable":true,"href":"https:\/\/www.pixiedust.fi\/index.php?rest_route=%2Fwp%2Fv2%2Fproduct_tag&post=3583"}],"curies":[{"name":"wp","href":"https:\/\/api.w.org\/{rel}","templated":true}]}}