{"id":3544,"date":"2024-03-24T14:28:29","date_gmt":"2024-03-24T12:28:29","guid":{"rendered":"https:\/\/www.pixiedust.fi\/?post_type=product&#038;p=3544"},"modified":"2024-03-24T17:04:44","modified_gmt":"2024-03-24T15:04:44","slug":"hilja-hamppumekko","status":"publish","type":"product","link":"https:\/\/www.pixiedust.fi\/?product=hilja-hamppumekko","title":{"rendered":"Hilja hamppumekko"},"content":{"rendered":"<p>Aikuisten hihaton hamppumekko.<br \/>\nEdess\u00e4 koristeelliset laskokset, takana halkio ja k\u00e4sin taottu rautanappi.<\/p>\n<p><span style=\"font-size: 1rem;\">Materiaali 100% hamppu.<br \/>\nV\u00e4rj\u00e4\u00e4m\u00e4t\u00f6n hamppukangas valmistetaan Romaniassa. Hamppu on materiaalina eritt\u00e4in ymp\u00e4rist\u00f6yst\u00e4v\u00e4llinen. Kasvaessaan se parantaa maaper\u00e4\u00e4 eik\u00e4 se vaadi torjunta-aineita.\u00a0<\/span><\/p>\n<p>Hoito-ohjeena ensisijaisesti aina tuuletus. Konepesu 40\u00b0C.<br \/>\nRumpukuivausta ei suositella.<\/p>\n<p>Tuote valmistetaan tilauksesta k\u00e4sity\u00f6n\u00e4 Suomessa.<br \/>\nToimitusaika 3-14vrk.<\/p>\n","protected":false},"excerpt":{"rendered":"<p>Aikuisten mekko.<br \/>\n100% hamppu.<\/p>\n","protected":false},"featured_media":3553,"template":"","meta":[],"product_brand":[],"product_cat":[22,42,54],"product_tag":[46],"class_list":{"0":"post-3544","1":"product","2":"type-product","3":"status-publish","4":"has-post-thumbnail","6":"product_cat-aikuiset","7":"product_cat-aikuisten-hamppuvaatteet","8":"product_cat-kaikki-tuotteet","9":"product_tag-hamppuvaatteet","11":"first","12":"instock","13":"taxable","14":"shipping-taxable","15":"purchasable","16":"product-type-variable"},"_links":{"self":[{"href":"https:\/\/www.pixiedust.fi\/index.php?rest_route=\/wp\/v2\/product\/3544","targetHints":{"allow":["GET"]}}],"collection":[{"href":"https:\/\/www.pixiedust.fi\/index.php?rest_route=\/wp\/v2\/product"}],"about":[{"href":"https:\/\/www.pixiedust.fi\/index.php?rest_route=\/wp\/v2\/types\/product"}],"wp:featuredmedia":[{"embeddable":true,"href":"https:\/\/www.pixiedust.fi\/index.php?rest_route=\/wp\/v2\/media\/3553"}],"wp:attachment":[{"href":"https:\/\/www.pixiedust.fi\/index.php?rest_route=%2Fwp%2Fv2%2Fmedia&parent=3544"}],"wp:term":[{"taxonomy":"product_brand","embeddable":true,"href":"https:\/\/www.pixiedust.fi\/index.php?rest_route=%2Fwp%2Fv2%2Fproduct_brand&post=3544"},{"taxonomy":"product_cat","embeddable":true,"href":"https:\/\/www.pixiedust.fi\/index.php?rest_route=%2Fwp%2Fv2%2Fproduct_cat&post=3544"},{"taxonomy":"product_tag","embeddable":true,"href":"https:\/\/www.pixiedust.fi\/index.php?rest_route=%2Fwp%2Fv2%2Fproduct_tag&post=3544"}],"curies":[{"name":"wp","href":"https:\/\/api.w.org\/{rel}","templated":true}]}}