{"id":3524,"date":"2024-03-21T10:22:44","date_gmt":"2024-03-21T08:22:44","guid":{"rendered":"https:\/\/www.pixiedust.fi\/?post_type=product&#038;p=3524"},"modified":"2024-03-21T10:29:36","modified_gmt":"2024-03-21T08:29:36","slug":"amelie-hamppupaita","status":"publish","type":"product","link":"https:\/\/www.pixiedust.fi\/?product=amelie-hamppupaita","title":{"rendered":"Amelie hamppupaita"},"content":{"rendered":"<p>Pitk\u00e4hihainen paita v-p\u00e4\u00e4ntiell\u00e4.<br \/>\nPaidassa on rintamuotolaskokset. Hihat on pitk\u00e4t ja hihansuussa on kuminauha.<br \/>\nSel\u00e4n puolella kaareva sauma, jossa poimutusta.<\/p>\n<p>Materiaali 100% hamppu.<br \/>\nKangas on valmistettu Romaniassa.<\/p>\n<p>Vaate valmistetaan tilauksesta k\u00e4sity\u00f6n\u00e4 Suomessa.<br \/>\nToimitusaika 5-14 vrk.<\/p>\n<p>Mitoitus on v\u00e4lj\u00e4, huomaa vaatteen mitat viimeisest\u00e4 kuvasta.<br \/>\nMuutokset helman ja hihojen pituuteen on mahdollista toteuttaa, olethan silloin yhteydess\u00e4 info@pixiedust.fi.<\/p>\n","protected":false},"excerpt":{"rendered":"<p>Pitk\u00e4hihainen paita.<br \/>\n100% hamppu.<\/p>\n","protected":false},"featured_media":3529,"template":"","meta":[],"product_brand":[],"product_cat":[22,42,54],"product_tag":[],"class_list":{"0":"post-3524","1":"product","2":"type-product","3":"status-publish","4":"has-post-thumbnail","6":"product_cat-aikuiset","7":"product_cat-aikuisten-hamppuvaatteet","8":"product_cat-kaikki-tuotteet","10":"first","11":"instock","12":"taxable","13":"shipping-taxable","14":"purchasable","15":"product-type-variable"},"_links":{"self":[{"href":"https:\/\/www.pixiedust.fi\/index.php?rest_route=\/wp\/v2\/product\/3524","targetHints":{"allow":["GET"]}}],"collection":[{"href":"https:\/\/www.pixiedust.fi\/index.php?rest_route=\/wp\/v2\/product"}],"about":[{"href":"https:\/\/www.pixiedust.fi\/index.php?rest_route=\/wp\/v2\/types\/product"}],"wp:featuredmedia":[{"embeddable":true,"href":"https:\/\/www.pixiedust.fi\/index.php?rest_route=\/wp\/v2\/media\/3529"}],"wp:attachment":[{"href":"https:\/\/www.pixiedust.fi\/index.php?rest_route=%2Fwp%2Fv2%2Fmedia&parent=3524"}],"wp:term":[{"taxonomy":"product_brand","embeddable":true,"href":"https:\/\/www.pixiedust.fi\/index.php?rest_route=%2Fwp%2Fv2%2Fproduct_brand&post=3524"},{"taxonomy":"product_cat","embeddable":true,"href":"https:\/\/www.pixiedust.fi\/index.php?rest_route=%2Fwp%2Fv2%2Fproduct_cat&post=3524"},{"taxonomy":"product_tag","embeddable":true,"href":"https:\/\/www.pixiedust.fi\/index.php?rest_route=%2Fwp%2Fv2%2Fproduct_tag&post=3524"}],"curies":[{"name":"wp","href":"https:\/\/api.w.org\/{rel}","templated":true}]}}