{"id":3443,"date":"2024-01-02T14:01:21","date_gmt":"2024-01-02T12:01:21","guid":{"rendered":"https:\/\/www.pixiedust.fi\/?post_type=product&#038;p=3443"},"modified":"2025-08-14T12:40:44","modified_gmt":"2025-08-14T09:40:44","slug":"hertta-hamppumekko-indigo-110-116","status":"publish","type":"product","link":"https:\/\/www.pixiedust.fi\/?product=hertta-hamppumekko-indigo-110-116","title":{"rendered":"Hertta hamppumekko, indigo, 110\/116"},"content":{"rendered":"<p>Lasten lyhythihainen hamppumekko, koko 110\/116.<br \/>\nTakana halkio ja k\u00e4sin taottu rautanappi.<br \/>\nMekko on mitoitukseltaan v\u00e4lj\u00e4, vaatteet mitat l\u00f6yd\u00e4t viimeisest\u00e4 kuvasta.<\/p>\n<p>Mekko on kasviv\u00e4rj\u00e4tty k\u00e4sity\u00f6n\u00e4 indigolla.<br \/>\nEdess\u00e4 olevat frillat on vaaleammat, kasviv\u00e4rj\u00e4tty my\u00f6s indigolla.<\/p>\n<p>Materiaali 100% hamppu.<br \/>\nHamppukangas valmistetaan Romaniassa. Hamppu on materiaalina eritt\u00e4in ymp\u00e4rist\u00f6yst\u00e4v\u00e4llinen. Kasvaessaan se parantaa maaper\u00e4\u00e4 eik\u00e4 se vaadi torjunta-aineita.<\/p>\n<p>Hoito-ohjeena ensisijaisesti tuuletus. Konepesu 40\u00b0C.<br \/>\nRumpukuivausta ei suositella.<\/p>\n<p>Tuote on valmistettu k\u00e4sity\u00f6n\u00e4 Inkoossa.<\/p>\n<p>Lue lis\u00e4\u00e4 valmistuksesta ja materiaaleista <a href=\"https:\/\/www.pixiedust.fi\/?page_id=279\">t\u00e4\u00e4lt\u00e4.<\/a><\/p>\n","protected":false},"excerpt":{"rendered":"<p>Uniikki lasten hamppumekko.<br \/>\n100% hamppu.<\/p>\n","protected":false},"featured_media":3511,"template":"","meta":[],"product_brand":[],"product_cat":[54,21,16],"product_tag":[],"class_list":{"0":"post-3443","1":"product","2":"type-product","3":"status-publish","4":"has-post-thumbnail","6":"product_cat-kaikki-tuotteet","7":"product_cat-lastenmekot","8":"product_cat-lapset","10":"first","11":"instock","12":"taxable","13":"shipping-taxable","14":"purchasable","15":"product-type-simple"},"_links":{"self":[{"href":"https:\/\/www.pixiedust.fi\/index.php?rest_route=\/wp\/v2\/product\/3443","targetHints":{"allow":["GET"]}}],"collection":[{"href":"https:\/\/www.pixiedust.fi\/index.php?rest_route=\/wp\/v2\/product"}],"about":[{"href":"https:\/\/www.pixiedust.fi\/index.php?rest_route=\/wp\/v2\/types\/product"}],"wp:featuredmedia":[{"embeddable":true,"href":"https:\/\/www.pixiedust.fi\/index.php?rest_route=\/wp\/v2\/media\/3511"}],"wp:attachment":[{"href":"https:\/\/www.pixiedust.fi\/index.php?rest_route=%2Fwp%2Fv2%2Fmedia&parent=3443"}],"wp:term":[{"taxonomy":"product_brand","embeddable":true,"href":"https:\/\/www.pixiedust.fi\/index.php?rest_route=%2Fwp%2Fv2%2Fproduct_brand&post=3443"},{"taxonomy":"product_cat","embeddable":true,"href":"https:\/\/www.pixiedust.fi\/index.php?rest_route=%2Fwp%2Fv2%2Fproduct_cat&post=3443"},{"taxonomy":"product_tag","embeddable":true,"href":"https:\/\/www.pixiedust.fi\/index.php?rest_route=%2Fwp%2Fv2%2Fproduct_tag&post=3443"}],"curies":[{"name":"wp","href":"https:\/\/api.w.org\/{rel}","templated":true}]}}