{"id":3376,"date":"2023-10-19T14:47:43","date_gmt":"2023-10-19T11:47:43","guid":{"rendered":"https:\/\/www.pixiedust.fi\/?post_type=product&#038;p=3376"},"modified":"2025-08-14T12:43:46","modified_gmt":"2025-08-14T09:43:46","slug":"uniikki-halo-hamppumekko-kasvivarjatty","status":"publish","type":"product","link":"https:\/\/www.pixiedust.fi\/?product=uniikki-halo-hamppumekko-kasvivarjatty","title":{"rendered":"UNIIKKI Halo Hamppumekko, kasviv\u00e4rj\u00e4tty"},"content":{"rendered":"<p>Uniikki Halo hamppumekko.<br \/>\nKoko 38.<br \/>\nLevenev\u00e4t puolipitk\u00e4t hihat. Takasaumassa halkio ja k\u00e4sin taottu rautanappi.<\/p>\n<p>K\u00e4sity\u00f6n\u00e4 kasviv\u00e4rj\u00e4tty seuraavasti;<br \/>\npujo +rautapuretus, krappijuuri, nokkonen &amp; voikukka, maitohorsma + rautapuretus.<\/p>\n<p><span style=\"font-size: 1rem;\">Materiaali 100% hamppu.<br \/>\nHamppukangas valmistetaan Romaniassa. Hamppu on materiaalina eritt\u00e4in ymp\u00e4rist\u00f6yst\u00e4v\u00e4llinen. Kasvaessaan se parantaa maaper\u00e4\u00e4 eik\u00e4 se vaadi torjunta-aineita.\u00a0<\/span><\/p>\n<p>Hoito-ohjeena ensisijaisesti aina tuuletus. Konepesu 40\u00b0C.<br \/>\nRumpukuivausta ei suositella.<\/p>\n<p>TVaate on valmistettu k\u00e4sity\u00f6n\u00e4 Suomessa.<\/p>\n","protected":false},"excerpt":{"rendered":"<p>Uniikki Halo hamppumekko. Koko 38.<br \/>\n100% hamppu.<\/p>\n","protected":false},"featured_media":3573,"template":"","meta":[],"product_brand":[],"product_cat":[22,42,54],"product_tag":[46],"class_list":{"0":"post-3376","1":"product","2":"type-product","3":"status-publish","4":"has-post-thumbnail","6":"product_cat-aikuiset","7":"product_cat-aikuisten-hamppuvaatteet","8":"product_cat-kaikki-tuotteet","9":"product_tag-hamppuvaatteet","11":"first","12":"instock","13":"taxable","14":"shipping-taxable","15":"purchasable","16":"product-type-simple"},"_links":{"self":[{"href":"https:\/\/www.pixiedust.fi\/index.php?rest_route=\/wp\/v2\/product\/3376","targetHints":{"allow":["GET"]}}],"collection":[{"href":"https:\/\/www.pixiedust.fi\/index.php?rest_route=\/wp\/v2\/product"}],"about":[{"href":"https:\/\/www.pixiedust.fi\/index.php?rest_route=\/wp\/v2\/types\/product"}],"wp:featuredmedia":[{"embeddable":true,"href":"https:\/\/www.pixiedust.fi\/index.php?rest_route=\/wp\/v2\/media\/3573"}],"wp:attachment":[{"href":"https:\/\/www.pixiedust.fi\/index.php?rest_route=%2Fwp%2Fv2%2Fmedia&parent=3376"}],"wp:term":[{"taxonomy":"product_brand","embeddable":true,"href":"https:\/\/www.pixiedust.fi\/index.php?rest_route=%2Fwp%2Fv2%2Fproduct_brand&post=3376"},{"taxonomy":"product_cat","embeddable":true,"href":"https:\/\/www.pixiedust.fi\/index.php?rest_route=%2Fwp%2Fv2%2Fproduct_cat&post=3376"},{"taxonomy":"product_tag","embeddable":true,"href":"https:\/\/www.pixiedust.fi\/index.php?rest_route=%2Fwp%2Fv2%2Fproduct_tag&post=3376"}],"curies":[{"name":"wp","href":"https:\/\/api.w.org\/{rel}","templated":true}]}}