{"id":3340,"date":"2023-09-08T09:15:34","date_gmt":"2023-09-08T06:15:34","guid":{"rendered":"https:\/\/www.pixiedust.fi\/?post_type=product&#038;p=3340"},"modified":"2023-11-22T01:10:30","modified_gmt":"2023-11-21T23:10:30","slug":"hiusdonitsi-70-hamppu-30-puuvilla","status":"publish","type":"product","link":"https:\/\/www.pixiedust.fi\/?product=hiusdonitsi-70-hamppu-30-puuvilla","title":{"rendered":"Hiusdonitsi, 70% hamppu, 30% puuvilla"},"content":{"rendered":"<p>Hiusdonitsi.<\/p>\n<p>Valmistettu leikkuupaloista, joita j\u00e4\u00e4 vaatteita valmistaessa.<br \/>\nKuminauhan ymp\u00e4rys noin 15cm.<\/p>\n<p>70% hamppu, 30% puuvilla. V\u00e4rj\u00e4\u00e4m\u00e4t\u00f6n<\/p>\n<p>Valmistettu k\u00e4sity\u00f6n\u00e4 Suomessa.<\/p>\n","protected":false},"excerpt":{"rendered":"<p>Hiusdonitsi.<br \/>\n70% hamppu, 30% puuvilla.<\/p>\n","protected":false},"featured_media":3341,"template":"","meta":[],"product_brand":[],"product_cat":[23,35,54],"product_tag":[],"class_list":{"0":"post-3340","1":"product","2":"type-product","3":"status-publish","4":"has-post-thumbnail","6":"product_cat-asusteet","7":"product_cat-hiusdonitsi","8":"product_cat-kaikki-tuotteet","10":"first","11":"instock","12":"taxable","13":"shipping-taxable","14":"purchasable","15":"product-type-simple"},"_links":{"self":[{"href":"https:\/\/www.pixiedust.fi\/index.php?rest_route=\/wp\/v2\/product\/3340","targetHints":{"allow":["GET"]}}],"collection":[{"href":"https:\/\/www.pixiedust.fi\/index.php?rest_route=\/wp\/v2\/product"}],"about":[{"href":"https:\/\/www.pixiedust.fi\/index.php?rest_route=\/wp\/v2\/types\/product"}],"wp:featuredmedia":[{"embeddable":true,"href":"https:\/\/www.pixiedust.fi\/index.php?rest_route=\/wp\/v2\/media\/3341"}],"wp:attachment":[{"href":"https:\/\/www.pixiedust.fi\/index.php?rest_route=%2Fwp%2Fv2%2Fmedia&parent=3340"}],"wp:term":[{"taxonomy":"product_brand","embeddable":true,"href":"https:\/\/www.pixiedust.fi\/index.php?rest_route=%2Fwp%2Fv2%2Fproduct_brand&post=3340"},{"taxonomy":"product_cat","embeddable":true,"href":"https:\/\/www.pixiedust.fi\/index.php?rest_route=%2Fwp%2Fv2%2Fproduct_cat&post=3340"},{"taxonomy":"product_tag","embeddable":true,"href":"https:\/\/www.pixiedust.fi\/index.php?rest_route=%2Fwp%2Fv2%2Fproduct_tag&post=3340"}],"curies":[{"name":"wp","href":"https:\/\/api.w.org\/{rel}","templated":true}]}}