{"id":3263,"date":"2023-06-19T09:38:02","date_gmt":"2023-06-19T06:38:02","guid":{"rendered":"https:\/\/www.pixiedust.fi\/?post_type=product&#038;p=3263"},"modified":"2024-03-21T10:04:23","modified_gmt":"2024-03-21T08:04:23","slug":"amelie-hamppu-puuvillapaita","status":"publish","type":"product","link":"https:\/\/www.pixiedust.fi\/?product=amelie-hamppu-puuvillapaita","title":{"rendered":"Amelie hamppu-puuvillapaita"},"content":{"rendered":"<p>Pitk\u00e4hihainen paita v-p\u00e4\u00e4ntiell\u00e4.<br \/>\nPaidassa on rintamuotolaskokset. Hihat on pitk\u00e4t ja hihansuussa on kuminauha.<br \/>\nSel\u00e4n puolella kaareva sauma, jossa poimutusta.<\/p>\n<p>Materiaali 70% hamppu, 30% puuvilla.<br \/>\nKangas on valmistettu Romaniassa.<\/p>\n<p>Vaate valmistetaan tilauksesta k\u00e4sity\u00f6n\u00e4 Suomessa. Toimitusaika 5-14 vrk.<\/p>\n<p>Mitoitus on v\u00e4lj\u00e4, huomaa vaatteen mitat viimeisest\u00e4 kuvasta.<\/p>\n","protected":false},"excerpt":{"rendered":"<p>Pitk\u00e4hihainen paita.<br \/>\n70% hamppu, 30% puuvilla.<\/p>\n","protected":false},"featured_media":3268,"template":"","meta":[],"product_brand":[],"product_cat":[22,53,54],"product_tag":[],"class_list":{"0":"post-3263","1":"product","2":"type-product","3":"status-publish","4":"has-post-thumbnail","6":"product_cat-aikuiset","7":"product_cat-hamppu-puuvillavaatteet","8":"product_cat-kaikki-tuotteet","10":"first","11":"instock","12":"taxable","13":"shipping-taxable","14":"product-type-variable"},"_links":{"self":[{"href":"https:\/\/www.pixiedust.fi\/index.php?rest_route=\/wp\/v2\/product\/3263","targetHints":{"allow":["GET"]}}],"collection":[{"href":"https:\/\/www.pixiedust.fi\/index.php?rest_route=\/wp\/v2\/product"}],"about":[{"href":"https:\/\/www.pixiedust.fi\/index.php?rest_route=\/wp\/v2\/types\/product"}],"wp:featuredmedia":[{"embeddable":true,"href":"https:\/\/www.pixiedust.fi\/index.php?rest_route=\/wp\/v2\/media\/3268"}],"wp:attachment":[{"href":"https:\/\/www.pixiedust.fi\/index.php?rest_route=%2Fwp%2Fv2%2Fmedia&parent=3263"}],"wp:term":[{"taxonomy":"product_brand","embeddable":true,"href":"https:\/\/www.pixiedust.fi\/index.php?rest_route=%2Fwp%2Fv2%2Fproduct_brand&post=3263"},{"taxonomy":"product_cat","embeddable":true,"href":"https:\/\/www.pixiedust.fi\/index.php?rest_route=%2Fwp%2Fv2%2Fproduct_cat&post=3263"},{"taxonomy":"product_tag","embeddable":true,"href":"https:\/\/www.pixiedust.fi\/index.php?rest_route=%2Fwp%2Fv2%2Fproduct_tag&post=3263"}],"curies":[{"name":"wp","href":"https:\/\/api.w.org\/{rel}","templated":true}]}}