{"id":326,"date":"2018-12-10T01:01:25","date_gmt":"2018-12-09T23:01:25","guid":{"rendered":"http:\/\/www.pixiedust.fi\/?post_type=product&#038;p=326"},"modified":"2023-11-22T01:20:07","modified_gmt":"2023-11-21T23:20:07","slug":"naisten-paita-luonnonvalkoinen","status":"publish","type":"product","link":"https:\/\/www.pixiedust.fi\/?product=naisten-paita-luonnonvalkoinen","title":{"rendered":"Isla merinovillapaita, luonnonvalkoinen"},"content":{"rendered":"<p>Naisten pitk\u00e4hihainen paita kaarevalla v-p\u00e4\u00e4ntiell\u00e4.<br \/>\nMalli on v\u00e4lj\u00e4 rinnanymp\u00e4ryksest\u00e4, asettuu hyvin lantiolle ja hihat on istuvat.<br \/>\nVaatteen mitat l\u00f6yd\u00e4t viimeisest\u00e4 kuvasta, ja vartalon mittataulukkoon p\u00e4\u00e4set<a href=\"https:\/\/www.pixiedust.fi\/?page_id=1229\"> t\u00e4st\u00e4.<\/a><\/p>\n<p>Materiaali 100% mulesing vapaata merinovillaa.<br \/>\nMerinovillaneulos on valmistettu Suomessa.<\/p>\n<p>Hoidoksi riitt\u00e4\u00e4 usein tuuletus, pesu max.\u00a030\u00b0C.<\/p>\n<p>Valmistetaan tilauksesta k\u00e4sity\u00f6n\u00e4 Suomessa.<br \/>\nToimitusaika 3-14 vrk.<\/p>\n<p><em>Haluaisitko Islan kasviv\u00e4rj\u00e4ttyn\u00e4? Kasviv\u00e4rj\u00e4tyn paidan hinta 115\u20ac, kysy s\u00e4vyvaihtoehdoista: info@pixiedust.fi. Toiveet t\u00e4ytet\u00e4\u00e4n mahdollisuuksien mukaan.<\/em><\/p>\n","protected":false},"excerpt":{"rendered":"<p>Naisten pitk\u00e4hihainen paita.<br \/>\n100% mulesing vapaata merinovillaa.<br \/>\nLuonnonvalkoinen.<\/p>\n","protected":false},"featured_media":2580,"template":"","meta":[],"product_brand":[],"product_cat":[22,54,41],"product_tag":[],"class_list":{"0":"post-326","1":"product","2":"type-product","3":"status-publish","4":"has-post-thumbnail","6":"product_cat-aikuiset","7":"product_cat-kaikki-tuotteet","8":"product_cat-aikuisten-merinovilla-vaatteet","10":"first","11":"instock","12":"taxable","13":"shipping-taxable","14":"purchasable","15":"product-type-variable"},"_links":{"self":[{"href":"https:\/\/www.pixiedust.fi\/index.php?rest_route=\/wp\/v2\/product\/326","targetHints":{"allow":["GET"]}}],"collection":[{"href":"https:\/\/www.pixiedust.fi\/index.php?rest_route=\/wp\/v2\/product"}],"about":[{"href":"https:\/\/www.pixiedust.fi\/index.php?rest_route=\/wp\/v2\/types\/product"}],"wp:featuredmedia":[{"embeddable":true,"href":"https:\/\/www.pixiedust.fi\/index.php?rest_route=\/wp\/v2\/media\/2580"}],"wp:attachment":[{"href":"https:\/\/www.pixiedust.fi\/index.php?rest_route=%2Fwp%2Fv2%2Fmedia&parent=326"}],"wp:term":[{"taxonomy":"product_brand","embeddable":true,"href":"https:\/\/www.pixiedust.fi\/index.php?rest_route=%2Fwp%2Fv2%2Fproduct_brand&post=326"},{"taxonomy":"product_cat","embeddable":true,"href":"https:\/\/www.pixiedust.fi\/index.php?rest_route=%2Fwp%2Fv2%2Fproduct_cat&post=326"},{"taxonomy":"product_tag","embeddable":true,"href":"https:\/\/www.pixiedust.fi\/index.php?rest_route=%2Fwp%2Fv2%2Fproduct_tag&post=326"}],"curies":[{"name":"wp","href":"https:\/\/api.w.org\/{rel}","templated":true}]}}