{"id":3255,"date":"2023-06-17T00:08:12","date_gmt":"2023-06-16T21:08:12","guid":{"rendered":"https:\/\/www.pixiedust.fi\/?post_type=product&#038;p=3255"},"modified":"2025-05-16T10:15:09","modified_gmt":"2025-05-16T07:15:09","slug":"annike-hamppu-puuvillamekko","status":"publish","type":"product","link":"https:\/\/www.pixiedust.fi\/?product=annike-hamppu-puuvillamekko","title":{"rendered":"Annike hamppu-puuvillamekko"},"content":{"rendered":"<p>Kaunis hihaton mekko, jossa py\u00f6re\u00e4 p\u00e4\u00e4ntie.<\/p>\n<p>Mekossa on rintamuotolaskokset ja mekko levenee vy\u00f6t\u00e4r\u00f6lt\u00e4 alasp\u00e4in, keijumaisen helman sivusaumoissa on halkiot.<br \/>\nSivusaumoissa on kiinte\u00e4t lenkit ny\u00f6rityst\u00e4 varten, pitk\u00e4n nauhan voi ny\u00f6ritt\u00e4\u00e4 useammalla eri tavalla, joko kokonaan sel\u00e4n puolella tai edest\u00e4 ja takaa.<br \/>\nHalutessaan, mekon voi tilata my\u00f6s ilman ny\u00f6rityslenkkej\u00e4 ja nauhaa, mainitsethan asiasta lis\u00e4tietokent\u00e4ss\u00e4 ja\/tai olethan yhteydess\u00e4 info@pixiedust.fi.<\/p>\n<p>Materiaali 70% hamppu, 30% puuvilla.<br \/>\nKangas on valmistettu Romaniassa.<\/p>\n<p>Vaate valmistetaan tilauksesta k\u00e4sity\u00f6n\u00e4 Suomessa. Toimitusaika 5-14 vrk.<\/p>\n<p>Vaatteen mitat l\u00f6yd\u00e4t viimeisest\u00e4 kuvasta. Mittamuutoksia on my\u00f6s mahdollista toteuttaa, olethan yhteydess\u00e4 info@pixiedust.fi, mik\u00e4li mietit mittoja.<\/p>\n","protected":false},"excerpt":{"rendered":"<p>Hihaton mekko.<br \/>\n70% hamppu, 30% puuvilla.<\/p>\n","protected":false},"featured_media":3260,"template":"","meta":[],"product_brand":[],"product_cat":[22,53,54],"product_tag":[],"class_list":{"0":"post-3255","1":"product","2":"type-product","3":"status-publish","4":"has-post-thumbnail","6":"product_cat-aikuiset","7":"product_cat-hamppu-puuvillavaatteet","8":"product_cat-kaikki-tuotteet","10":"first","11":"instock","12":"taxable","13":"shipping-taxable","14":"purchasable","15":"product-type-variable"},"_links":{"self":[{"href":"https:\/\/www.pixiedust.fi\/index.php?rest_route=\/wp\/v2\/product\/3255","targetHints":{"allow":["GET"]}}],"collection":[{"href":"https:\/\/www.pixiedust.fi\/index.php?rest_route=\/wp\/v2\/product"}],"about":[{"href":"https:\/\/www.pixiedust.fi\/index.php?rest_route=\/wp\/v2\/types\/product"}],"wp:featuredmedia":[{"embeddable":true,"href":"https:\/\/www.pixiedust.fi\/index.php?rest_route=\/wp\/v2\/media\/3260"}],"wp:attachment":[{"href":"https:\/\/www.pixiedust.fi\/index.php?rest_route=%2Fwp%2Fv2%2Fmedia&parent=3255"}],"wp:term":[{"taxonomy":"product_brand","embeddable":true,"href":"https:\/\/www.pixiedust.fi\/index.php?rest_route=%2Fwp%2Fv2%2Fproduct_brand&post=3255"},{"taxonomy":"product_cat","embeddable":true,"href":"https:\/\/www.pixiedust.fi\/index.php?rest_route=%2Fwp%2Fv2%2Fproduct_cat&post=3255"},{"taxonomy":"product_tag","embeddable":true,"href":"https:\/\/www.pixiedust.fi\/index.php?rest_route=%2Fwp%2Fv2%2Fproduct_tag&post=3255"}],"curies":[{"name":"wp","href":"https:\/\/api.w.org\/{rel}","templated":true}]}}