{"id":2977,"date":"2022-11-04T10:01:44","date_gmt":"2022-11-04T08:01:44","guid":{"rendered":"https:\/\/www.pixiedust.fi\/?post_type=product&#038;p=2977"},"modified":"2023-11-22T01:11:35","modified_gmt":"2023-11-21T23:11:35","slug":"miesten-merinovilla-t-paita-luonnonvalkoinen","status":"publish","type":"product","link":"https:\/\/www.pixiedust.fi\/?product=miesten-merinovilla-t-paita-luonnonvalkoinen","title":{"rendered":"Miesten merinovilla t-paita, luonnonvalkoinen"},"content":{"rendered":"<p>Merinovilla t-paita miesten mitoituksella, luonnonvalkoinen.<\/p>\n<p>Materiaali 100% mulesing vapaata merinovillaa.<br \/>\nMerinovillaneuloksen neli\u00f6paino on 250 g\/m\u00b2 ja neulos on valmistettu Suomessa.<\/p>\n<p>Hoidoksi riitt\u00e4\u00e4 usein tuuletus, pesu max. 30\u00b0C.<\/p>\n<p>Voit verrata omia mittojasi vartalon mittataulukoon, sen l\u00f6yd\u00e4t<a href=\"https:\/\/www.pixiedust.fi\/?page_id=1229\"> t\u00e4\u00e4lt\u00e4.\u00a0<\/a><br \/>\nPaidan pituus olalta helmaan koossa M on noin 72cm.<br \/>\nPaidan rinnanymp\u00e4rysmitta\u00a0 venytt\u00e4m\u00e4tt\u00e4:<br \/>\nS = 94cm<br \/>\nM = 98cm<br \/>\nL = 104 cm<br \/>\nXL = 108cm<br \/>\nXXL = 114cm<br \/>\nMateriaali joustaa eritt\u00e4in hyvin.<\/p>\n<p>Valmistetaan tilauksesta k\u00e4sity\u00f6n\u00e4 Suomessa.<br \/>\nToimitusaika 5-14vrk.<\/p>\n","protected":false},"excerpt":{"rendered":"<p>Miesten t-paita.<br \/>\n100% mulesing vapaata merinovillaa.<\/p>\n","protected":false},"featured_media":2983,"template":"","meta":[],"product_brand":[],"product_cat":[22,54,41,48],"product_tag":[],"class_list":{"0":"post-2977","1":"product","2":"type-product","3":"status-publish","4":"has-post-thumbnail","6":"product_cat-aikuiset","7":"product_cat-kaikki-tuotteet","8":"product_cat-aikuisten-merinovilla-vaatteet","9":"product_cat-unisex-miesten-vaatteet","11":"first","12":"instock","13":"taxable","14":"shipping-taxable","15":"purchasable","16":"product-type-variable"},"_links":{"self":[{"href":"https:\/\/www.pixiedust.fi\/index.php?rest_route=\/wp\/v2\/product\/2977","targetHints":{"allow":["GET"]}}],"collection":[{"href":"https:\/\/www.pixiedust.fi\/index.php?rest_route=\/wp\/v2\/product"}],"about":[{"href":"https:\/\/www.pixiedust.fi\/index.php?rest_route=\/wp\/v2\/types\/product"}],"wp:featuredmedia":[{"embeddable":true,"href":"https:\/\/www.pixiedust.fi\/index.php?rest_route=\/wp\/v2\/media\/2983"}],"wp:attachment":[{"href":"https:\/\/www.pixiedust.fi\/index.php?rest_route=%2Fwp%2Fv2%2Fmedia&parent=2977"}],"wp:term":[{"taxonomy":"product_brand","embeddable":true,"href":"https:\/\/www.pixiedust.fi\/index.php?rest_route=%2Fwp%2Fv2%2Fproduct_brand&post=2977"},{"taxonomy":"product_cat","embeddable":true,"href":"https:\/\/www.pixiedust.fi\/index.php?rest_route=%2Fwp%2Fv2%2Fproduct_cat&post=2977"},{"taxonomy":"product_tag","embeddable":true,"href":"https:\/\/www.pixiedust.fi\/index.php?rest_route=%2Fwp%2Fv2%2Fproduct_tag&post=2977"}],"curies":[{"name":"wp","href":"https:\/\/api.w.org\/{rel}","templated":true}]}}