{"id":2898,"date":"2022-10-13T11:10:59","date_gmt":"2022-10-13T08:10:59","guid":{"rendered":"https:\/\/www.pixiedust.fi\/?post_type=product&#038;p=2898"},"modified":"2023-11-22T01:11:36","modified_gmt":"2023-11-21T23:11:36","slug":"merinovilla-tuubi-krappijuuri-lupiini","status":"publish","type":"product","link":"https:\/\/www.pixiedust.fi\/?product=merinovilla-tuubi-krappijuuri-lupiini","title":{"rendered":"Merinovilla tuubi, krappijuuri &#038; lupiini"},"content":{"rendered":"<p>Kaksinkertainen tuubihuivi l\u00e4mmitt\u00e4m\u00e4\u00e4n kaulaa ja niskaa, voi k\u00e4ytt\u00e4\u00e4 my\u00f6s pantana.<br \/>\nKasviv\u00e4rj\u00e4tty lupiineilla ja krappijuurella.<\/p>\n<p>Tuubin korkeus on noin 22 cm, ymp\u00e4rys venytt\u00e4m\u00e4tt\u00e4 44 cm, joustaa hyvin ja menee aikuisen p\u00e4\u00e4n ymp\u00e4ri.<\/p>\n<p>Materiaali 100% mulesing vapaata merinovillaa.<br \/>\nMerinovillaneulos on valmistettu Suomessa.<\/p>\n<p>Hoidoksi riitt\u00e4\u00e4 usein tuuletus, pesu max. 30\u00b0C.<\/p>\n<p>Tuubi on valmistettu k\u00e4sity\u00f6n\u00e4 Suomessa.<\/p>\n<p><em>Ps. haluaisitko tuubin, jossain toisessa s\u00e4vyss\u00e4? Ota yhteytt\u00e4 info@pixiedust.fi, toiveita t\u00e4ytet\u00e4\u00e4n mahdollisuuksien mukaan!<\/em><\/p>\n","protected":false},"excerpt":{"rendered":"<p>Tuubihuivi.<br \/>\n100% mulesing vapaata merinovillaa.<\/p>\n","protected":false},"featured_media":2895,"template":"","meta":[],"product_brand":[],"product_cat":[29,28,54],"product_tag":[],"class_list":{"0":"post-2898","1":"product","2":"type-product","3":"status-publish","4":"has-post-thumbnail","6":"product_cat-aikuisten-pannat","7":"product_cat-huivit","8":"product_cat-kaikki-tuotteet","10":"first","11":"instock","12":"taxable","13":"shipping-taxable","14":"purchasable","15":"product-type-simple"},"_links":{"self":[{"href":"https:\/\/www.pixiedust.fi\/index.php?rest_route=\/wp\/v2\/product\/2898","targetHints":{"allow":["GET"]}}],"collection":[{"href":"https:\/\/www.pixiedust.fi\/index.php?rest_route=\/wp\/v2\/product"}],"about":[{"href":"https:\/\/www.pixiedust.fi\/index.php?rest_route=\/wp\/v2\/types\/product"}],"wp:featuredmedia":[{"embeddable":true,"href":"https:\/\/www.pixiedust.fi\/index.php?rest_route=\/wp\/v2\/media\/2895"}],"wp:attachment":[{"href":"https:\/\/www.pixiedust.fi\/index.php?rest_route=%2Fwp%2Fv2%2Fmedia&parent=2898"}],"wp:term":[{"taxonomy":"product_brand","embeddable":true,"href":"https:\/\/www.pixiedust.fi\/index.php?rest_route=%2Fwp%2Fv2%2Fproduct_brand&post=2898"},{"taxonomy":"product_cat","embeddable":true,"href":"https:\/\/www.pixiedust.fi\/index.php?rest_route=%2Fwp%2Fv2%2Fproduct_cat&post=2898"},{"taxonomy":"product_tag","embeddable":true,"href":"https:\/\/www.pixiedust.fi\/index.php?rest_route=%2Fwp%2Fv2%2Fproduct_tag&post=2898"}],"curies":[{"name":"wp","href":"https:\/\/api.w.org\/{rel}","templated":true}]}}