{"id":2827,"date":"2022-08-07T11:17:35","date_gmt":"2022-08-07T08:17:35","guid":{"rendered":"https:\/\/www.pixiedust.fi\/?post_type=product&#038;p=2827"},"modified":"2024-03-19T12:43:58","modified_gmt":"2024-03-19T10:43:58","slug":"hertta-hamppumekko-naturel-krappijuuri","status":"publish","type":"product","link":"https:\/\/www.pixiedust.fi\/?product=hertta-hamppumekko-naturel-krappijuuri","title":{"rendered":"Hertta hamppumekko, naturel &#038; krappijuuri"},"content":{"rendered":"<p>Lasten lyhythihainen hamppumekko.<br \/>\nTakana halkio ja k\u00e4sin taottu rautanappi.<br \/>\nMekko on mitoitukseltaan v\u00e4lj\u00e4, vaatteet mitat l\u00f6yd\u00e4t viimeisest\u00e4 kuvasta.<\/p>\n<p>Edess\u00e4 k\u00e4sity\u00f6n\u00e4 krappijuurella kasviv\u00e4rj\u00e4tyt frillat.<\/p>\n<p>Materiaali 100% hamppu.<br \/>\nV\u00e4rj\u00e4\u00e4m\u00e4t\u00f6n hamppukangas valmistetaan Romaniassa. Hamppu on materiaalina eritt\u00e4in ymp\u00e4rist\u00f6yst\u00e4v\u00e4llinen. Kasvaessaan se parantaa maaper\u00e4\u00e4 eik\u00e4 se vaadi torjunta-aineita.<\/p>\n<p>Hoito-ohjeena ensisijaisesti tuuletus. Konepesu 40\u00b0C.<br \/>\nRumpukuivausta ei suositella.<\/p>\n<p>Tuote valmistetaan tilauksesta k\u00e4sity\u00f6n\u00e4 Suomessa.<br \/>\nToimitusaika 3-14vrk.<\/p>\n","protected":false},"excerpt":{"rendered":"<p>Lasten hamppumekko.<br \/>\n100% hamppu.<\/p>\n","protected":false},"featured_media":3516,"template":"","meta":[],"product_brand":[],"product_cat":[54,21,16],"product_tag":[],"class_list":{"0":"post-2827","1":"product","2":"type-product","3":"status-publish","4":"has-post-thumbnail","6":"product_cat-kaikki-tuotteet","7":"product_cat-lastenmekot","8":"product_cat-lapset","10":"first","11":"instock","12":"taxable","13":"shipping-taxable","14":"purchasable","15":"product-type-variable"},"_links":{"self":[{"href":"https:\/\/www.pixiedust.fi\/index.php?rest_route=\/wp\/v2\/product\/2827","targetHints":{"allow":["GET"]}}],"collection":[{"href":"https:\/\/www.pixiedust.fi\/index.php?rest_route=\/wp\/v2\/product"}],"about":[{"href":"https:\/\/www.pixiedust.fi\/index.php?rest_route=\/wp\/v2\/types\/product"}],"wp:featuredmedia":[{"embeddable":true,"href":"https:\/\/www.pixiedust.fi\/index.php?rest_route=\/wp\/v2\/media\/3516"}],"wp:attachment":[{"href":"https:\/\/www.pixiedust.fi\/index.php?rest_route=%2Fwp%2Fv2%2Fmedia&parent=2827"}],"wp:term":[{"taxonomy":"product_brand","embeddable":true,"href":"https:\/\/www.pixiedust.fi\/index.php?rest_route=%2Fwp%2Fv2%2Fproduct_brand&post=2827"},{"taxonomy":"product_cat","embeddable":true,"href":"https:\/\/www.pixiedust.fi\/index.php?rest_route=%2Fwp%2Fv2%2Fproduct_cat&post=2827"},{"taxonomy":"product_tag","embeddable":true,"href":"https:\/\/www.pixiedust.fi\/index.php?rest_route=%2Fwp%2Fv2%2Fproduct_tag&post=2827"}],"curies":[{"name":"wp","href":"https:\/\/api.w.org\/{rel}","templated":true}]}}