{"id":2753,"date":"2022-05-26T16:57:19","date_gmt":"2022-05-26T13:57:19","guid":{"rendered":"https:\/\/www.pixiedust.fi\/?post_type=product&#038;p=2753"},"modified":"2024-03-24T14:48:17","modified_gmt":"2024-03-24T12:48:17","slug":"freija-hampputoppi","status":"publish","type":"product","link":"https:\/\/www.pixiedust.fi\/?product=freija-hampputoppi","title":{"rendered":"Freija hampputoppi"},"content":{"rendered":"<p>Aikuisten v\u00e4lj\u00e4, hihaton hampputoppi.<br \/>\nEdess\u00e4 kaareva sauma, johon helmaosa on poimutettu.<\/p>\n<p>Materiaali 100% hamppu.<br \/>\nV\u00e4rj\u00e4\u00e4m\u00e4t\u00f6n hamppukangas valmistetaan Romaniassa. Hamppu on materiaalina eritt\u00e4in ymp\u00e4rist\u00f6yst\u00e4v\u00e4llinen. Kasvaessaan se parantaa maaper\u00e4\u00e4 eik\u00e4 se vaadi torjunta-aineita.<\/p>\n<p>Hoito-ohjeena ensisijaisesti tuuletus. Konepesu 40\u00b0C.<br \/>\nRumpukuivausta ei suositella.<\/p>\n<p>Vaatteen mitat l\u00f6yd\u00e4t viimeisest\u00e4 kuvasta.<br \/>\nVartalon mittataulukkoon p\u00e4\u00e4set <a href=\"https:\/\/www.pixiedust.fi\/?page_id=1229\">t\u00e4st\u00e4<\/a>.<\/p>\n<p>Vaate valmistetaan tilauksesta k\u00e4sity\u00f6n\u00e4 Suomessa.<br \/>\nToimitusaika 5-14 vuorokautta.<\/p>\n","protected":false},"excerpt":{"rendered":"<p>Hihaton hampputoppi.<br \/>\nMateriaali 100% hamppu.<\/p>\n","protected":false},"featured_media":2760,"template":"","meta":[],"product_brand":[],"product_cat":[22,42,54],"product_tag":[],"class_list":{"0":"post-2753","1":"product","2":"type-product","3":"status-publish","4":"has-post-thumbnail","6":"product_cat-aikuiset","7":"product_cat-aikuisten-hamppuvaatteet","8":"product_cat-kaikki-tuotteet","10":"first","11":"instock","12":"taxable","13":"shipping-taxable","14":"purchasable","15":"product-type-variable"},"_links":{"self":[{"href":"https:\/\/www.pixiedust.fi\/index.php?rest_route=\/wp\/v2\/product\/2753","targetHints":{"allow":["GET"]}}],"collection":[{"href":"https:\/\/www.pixiedust.fi\/index.php?rest_route=\/wp\/v2\/product"}],"about":[{"href":"https:\/\/www.pixiedust.fi\/index.php?rest_route=\/wp\/v2\/types\/product"}],"wp:featuredmedia":[{"embeddable":true,"href":"https:\/\/www.pixiedust.fi\/index.php?rest_route=\/wp\/v2\/media\/2760"}],"wp:attachment":[{"href":"https:\/\/www.pixiedust.fi\/index.php?rest_route=%2Fwp%2Fv2%2Fmedia&parent=2753"}],"wp:term":[{"taxonomy":"product_brand","embeddable":true,"href":"https:\/\/www.pixiedust.fi\/index.php?rest_route=%2Fwp%2Fv2%2Fproduct_brand&post=2753"},{"taxonomy":"product_cat","embeddable":true,"href":"https:\/\/www.pixiedust.fi\/index.php?rest_route=%2Fwp%2Fv2%2Fproduct_cat&post=2753"},{"taxonomy":"product_tag","embeddable":true,"href":"https:\/\/www.pixiedust.fi\/index.php?rest_route=%2Fwp%2Fv2%2Fproduct_tag&post=2753"}],"curies":[{"name":"wp","href":"https:\/\/api.w.org\/{rel}","templated":true}]}}