{"id":2566,"date":"2022-01-05T15:54:42","date_gmt":"2022-01-05T13:54:42","guid":{"rendered":"https:\/\/www.pixiedust.fi\/?post_type=product&#038;p=2566"},"modified":"2023-11-22T01:12:30","modified_gmt":"2023-11-21T23:12:30","slug":"merinovilla-hiusdonitsi-luonnonvalkoinen","status":"publish","type":"product","link":"https:\/\/www.pixiedust.fi\/?product=merinovilla-hiusdonitsi-luonnonvalkoinen","title":{"rendered":"Merinovilla hiusdonitsi, luonnonvalkoinen"},"content":{"rendered":"<p>Hiusdonitsi.<\/p>\n<p>Valmistettu leikkuupaloista, joita j\u00e4\u00e4 vaatteita valmistaessa.<br \/>\nKuminauhan ymp\u00e4rys noin 15cm.<\/p>\n<p>100% mulesing vapaata merinovillaa.<br \/>\nMerinovillaneulos on valmistettu Suomessa ja on \u00d6ko-tex sertifioitu.<\/p>\n<p>Tuote valmistetaan k\u00e4sity\u00f6n\u00e4 Suomessa.<\/p>\n","protected":false},"excerpt":{"rendered":"<p>Hiusdonitsi.<br \/>\n100% merinovilla.<\/p>\n","protected":false},"featured_media":2567,"template":"","meta":[],"product_brand":[],"product_cat":[23,35,54],"product_tag":[],"class_list":{"0":"post-2566","1":"product","2":"type-product","3":"status-publish","4":"has-post-thumbnail","6":"product_cat-asusteet","7":"product_cat-hiusdonitsi","8":"product_cat-kaikki-tuotteet","10":"first","11":"instock","12":"taxable","13":"shipping-taxable","14":"purchasable","15":"product-type-simple"},"_links":{"self":[{"href":"https:\/\/www.pixiedust.fi\/index.php?rest_route=\/wp\/v2\/product\/2566","targetHints":{"allow":["GET"]}}],"collection":[{"href":"https:\/\/www.pixiedust.fi\/index.php?rest_route=\/wp\/v2\/product"}],"about":[{"href":"https:\/\/www.pixiedust.fi\/index.php?rest_route=\/wp\/v2\/types\/product"}],"wp:featuredmedia":[{"embeddable":true,"href":"https:\/\/www.pixiedust.fi\/index.php?rest_route=\/wp\/v2\/media\/2567"}],"wp:attachment":[{"href":"https:\/\/www.pixiedust.fi\/index.php?rest_route=%2Fwp%2Fv2%2Fmedia&parent=2566"}],"wp:term":[{"taxonomy":"product_brand","embeddable":true,"href":"https:\/\/www.pixiedust.fi\/index.php?rest_route=%2Fwp%2Fv2%2Fproduct_brand&post=2566"},{"taxonomy":"product_cat","embeddable":true,"href":"https:\/\/www.pixiedust.fi\/index.php?rest_route=%2Fwp%2Fv2%2Fproduct_cat&post=2566"},{"taxonomy":"product_tag","embeddable":true,"href":"https:\/\/www.pixiedust.fi\/index.php?rest_route=%2Fwp%2Fv2%2Fproduct_tag&post=2566"}],"curies":[{"name":"wp","href":"https:\/\/api.w.org\/{rel}","templated":true}]}}