{"id":237,"date":"2018-11-30T21:57:31","date_gmt":"2018-11-30T19:57:31","guid":{"rendered":"http:\/\/www.pixiedust.fi\/?post_type=product&#038;p=237"},"modified":"2026-03-26T20:08:13","modified_gmt":"2026-03-26T18:08:13","slug":"aikuisten-pipo","status":"publish","type":"product","link":"https:\/\/www.pixiedust.fi\/?product=aikuisten-pipo","title":{"rendered":"Aikuisten pipo, luonnonvalkoinen"},"content":{"rendered":"<p>Aikuisten merinovilla pipo.<br \/>\nLuonnonvalkoinen.<\/p>\n<p>Ymp\u00e4rys venytt\u00e4m\u00e4tt\u00e4 noin 48cm, joustaa hyvin ja mahtuu aikuisen p\u00e4\u00e4h\u00e4n. P\u00e4\u00e4nymp\u00e4rys 55-60cm.<br \/>\nPipoa voi k\u00e4ytt\u00e4\u00e4 suorana, taittaa leve\u00e4sti kerran tai k\u00e4\u00e4nt\u00e4\u00e4 reunan kahdesti, oman mieltymyksen mukaan.<\/p>\n<p>Materiaali 100% mulesing vapaata merinovillaa.<br \/>\nMerinovillaneulos on valmistettu Suomessa.<\/p>\n<p>Hoidoksi riitt\u00e4\u00e4 usein tuuletus, pesu max. 30\u00b0C.<\/p>\n<p>Valmistettu k\u00e4sity\u00f6n\u00e4 Suomessa.<\/p>\n","protected":false},"excerpt":{"rendered":"<p>Aikuisten pipo.<br \/>\n100% mulesing vapaata merinovillaa.<\/p>\n","protected":false},"featured_media":1833,"template":"","meta":[],"product_brand":[],"product_cat":[29,23,54],"product_tag":[],"class_list":{"0":"post-237","1":"product","2":"type-product","3":"status-publish","4":"has-post-thumbnail","6":"product_cat-aikuisten-pannat","7":"product_cat-asusteet","8":"product_cat-kaikki-tuotteet","10":"first","11":"instock","12":"taxable","13":"shipping-taxable","14":"purchasable","15":"product-type-simple"},"_links":{"self":[{"href":"https:\/\/www.pixiedust.fi\/index.php?rest_route=\/wp\/v2\/product\/237","targetHints":{"allow":["GET"]}}],"collection":[{"href":"https:\/\/www.pixiedust.fi\/index.php?rest_route=\/wp\/v2\/product"}],"about":[{"href":"https:\/\/www.pixiedust.fi\/index.php?rest_route=\/wp\/v2\/types\/product"}],"wp:featuredmedia":[{"embeddable":true,"href":"https:\/\/www.pixiedust.fi\/index.php?rest_route=\/wp\/v2\/media\/1833"}],"wp:attachment":[{"href":"https:\/\/www.pixiedust.fi\/index.php?rest_route=%2Fwp%2Fv2%2Fmedia&parent=237"}],"wp:term":[{"taxonomy":"product_brand","embeddable":true,"href":"https:\/\/www.pixiedust.fi\/index.php?rest_route=%2Fwp%2Fv2%2Fproduct_brand&post=237"},{"taxonomy":"product_cat","embeddable":true,"href":"https:\/\/www.pixiedust.fi\/index.php?rest_route=%2Fwp%2Fv2%2Fproduct_cat&post=237"},{"taxonomy":"product_tag","embeddable":true,"href":"https:\/\/www.pixiedust.fi\/index.php?rest_route=%2Fwp%2Fv2%2Fproduct_tag&post=237"}],"curies":[{"name":"wp","href":"https:\/\/api.w.org\/{rel}","templated":true}]}}