{"id":2248,"date":"2021-06-21T14:21:00","date_gmt":"2021-06-21T11:21:00","guid":{"rendered":"https:\/\/www.pixiedust.fi\/?post_type=product&#038;p=2248"},"modified":"2023-11-22T01:14:08","modified_gmt":"2023-11-21T23:14:08","slug":"hiekka-hamppushortsit","status":"publish","type":"product","link":"https:\/\/www.pixiedust.fi\/?product=hiekka-hamppushortsit","title":{"rendered":"Hiekka hamppushortsit"},"content":{"rendered":"<p>Lasten hamppushortsit.<br \/>\nVy\u00f6t\u00e4r\u00f6ll\u00e4 kuminauha ja sivusaumoissa taskut. Suorat, v\u00e4lj\u00e4t lahkeet.<\/p>\n<p>Materiaali 100% hamppu.<br \/>\nV\u00e4rj\u00e4\u00e4m\u00e4t\u00f6n hamppukangas valmistetaan Romaniassa. Hamppu on materiaalina eritt\u00e4in ymp\u00e4rist\u00f6yst\u00e4v\u00e4llinen. Kasvaessaan se parantaa maaper\u00e4\u00e4 eik\u00e4 se vaadi torjunta-aineita.<\/p>\n<p>Hoito-ohjeena ensisijaisesti aina tuuletus. Konepesu 40\u00b0C.<br \/>\nRumpukuivausta ei suositella.<\/p>\n<p>Tuote valmistetaan tilauksesta k\u00e4sity\u00f6n\u00e4 Suomessa.<br \/>\nToimitusaika 3-14 vrk.<\/p>\n<p>Viimeisest\u00e4 kuvasta l\u00f6yd\u00e4t vaatteen mitat. Huomaathan, ett\u00e4 lantion ymp\u00e4rys voi olla maksimissaan kuminauhan ymp\u00e4rys venytettyn\u00e4, jotta vaatteen saa puettua ylle.<br \/>\nLantion ymp\u00e4rys siis maksimissaan; Koko 86\/92 <strong>60cm<\/strong>, koko 98\/104 <strong>64cm<\/strong>, koko 110\/116 <strong>70cm<\/strong>, koko 122\/128 <strong>75cm<\/strong>.<\/p>\n","protected":false},"excerpt":{"rendered":"<p>Lasten hamppushortsit.<br \/>\n100% hamppu.<\/p>\n","protected":false},"featured_media":2707,"template":"","meta":[],"product_brand":[],"product_cat":[54,30,16],"product_tag":[46],"class_list":{"0":"post-2248","1":"product","2":"type-product","3":"status-publish","4":"has-post-thumbnail","6":"product_cat-kaikki-tuotteet","7":"product_cat-lastenhousut","8":"product_cat-lapset","9":"product_tag-hamppuvaatteet","11":"first","12":"instock","13":"taxable","14":"shipping-taxable","15":"purchasable","16":"product-type-variable"},"_links":{"self":[{"href":"https:\/\/www.pixiedust.fi\/index.php?rest_route=\/wp\/v2\/product\/2248","targetHints":{"allow":["GET"]}}],"collection":[{"href":"https:\/\/www.pixiedust.fi\/index.php?rest_route=\/wp\/v2\/product"}],"about":[{"href":"https:\/\/www.pixiedust.fi\/index.php?rest_route=\/wp\/v2\/types\/product"}],"wp:featuredmedia":[{"embeddable":true,"href":"https:\/\/www.pixiedust.fi\/index.php?rest_route=\/wp\/v2\/media\/2707"}],"wp:attachment":[{"href":"https:\/\/www.pixiedust.fi\/index.php?rest_route=%2Fwp%2Fv2%2Fmedia&parent=2248"}],"wp:term":[{"taxonomy":"product_brand","embeddable":true,"href":"https:\/\/www.pixiedust.fi\/index.php?rest_route=%2Fwp%2Fv2%2Fproduct_brand&post=2248"},{"taxonomy":"product_cat","embeddable":true,"href":"https:\/\/www.pixiedust.fi\/index.php?rest_route=%2Fwp%2Fv2%2Fproduct_cat&post=2248"},{"taxonomy":"product_tag","embeddable":true,"href":"https:\/\/www.pixiedust.fi\/index.php?rest_route=%2Fwp%2Fv2%2Fproduct_tag&post=2248"}],"curies":[{"name":"wp","href":"https:\/\/api.w.org\/{rel}","templated":true}]}}