{"id":2234,"date":"2021-06-18T09:42:23","date_gmt":"2021-06-18T06:42:23","guid":{"rendered":"https:\/\/www.pixiedust.fi\/?post_type=product&#038;p=2234"},"modified":"2025-04-10T16:49:58","modified_gmt":"2025-04-10T13:49:58","slug":"holma-hamppushortsit","status":"publish","type":"product","link":"https:\/\/www.pixiedust.fi\/?product=holma-hamppushortsit","title":{"rendered":"Holma hamppushortsit"},"content":{"rendered":"<p>Aikuisten hamppushortsit.<br \/>\nVy\u00f6t\u00e4r\u00f6ll\u00e4 kuminauha ja sivusaumoissa taskut. Levenev\u00e4t, v\u00e4lj\u00e4t lahkeet.<\/p>\n<p>Materiaali 100% hamppu.<br \/>\nV\u00e4rj\u00e4\u00e4m\u00e4t\u00f6n hamppukangas valmistetaan Romaniassa. Hamppu on materiaalina eritt\u00e4in ymp\u00e4rist\u00f6yst\u00e4v\u00e4llinen. Kasvaessaan se parantaa maaper\u00e4\u00e4 eik\u00e4 se vaadi torjunta-aineita.<\/p>\n<p>Hoito-ohjeena ensisijaisesti aina tuuletus. Konepesu 40\u00b0C.<br \/>\nRumpukuivausta ei suositella.<\/p>\n<p>Tuote valmistetaan tilauksesta k\u00e4sity\u00f6n\u00e4 Suomessa.<br \/>\nToimitusaika 3-14 vrk.<\/p>\n<p>Viimeisest\u00e4 kuvasta l\u00f6yd\u00e4t vaatteen mitat. Huomaathan, ett\u00e4 lantion ymp\u00e4ryksesi voi olla maksimissaan kuminauhan ymp\u00e4rys venytettyn\u00e4, jotta vaatteen saa puettua ylle.<\/p>\n","protected":false},"excerpt":{"rendered":"<p>Aikuisten hamppushortsit.<br \/>\n100% hamppu.<\/p>\n","protected":false},"featured_media":3533,"template":"","meta":[],"product_brand":[],"product_cat":[22,42,54],"product_tag":[46],"class_list":{"0":"post-2234","1":"product","2":"type-product","3":"status-publish","4":"has-post-thumbnail","6":"product_cat-aikuiset","7":"product_cat-aikuisten-hamppuvaatteet","8":"product_cat-kaikki-tuotteet","9":"product_tag-hamppuvaatteet","11":"first","12":"instock","13":"taxable","14":"shipping-taxable","15":"purchasable","16":"product-type-variable"},"_links":{"self":[{"href":"https:\/\/www.pixiedust.fi\/index.php?rest_route=\/wp\/v2\/product\/2234","targetHints":{"allow":["GET"]}}],"collection":[{"href":"https:\/\/www.pixiedust.fi\/index.php?rest_route=\/wp\/v2\/product"}],"about":[{"href":"https:\/\/www.pixiedust.fi\/index.php?rest_route=\/wp\/v2\/types\/product"}],"wp:featuredmedia":[{"embeddable":true,"href":"https:\/\/www.pixiedust.fi\/index.php?rest_route=\/wp\/v2\/media\/3533"}],"wp:attachment":[{"href":"https:\/\/www.pixiedust.fi\/index.php?rest_route=%2Fwp%2Fv2%2Fmedia&parent=2234"}],"wp:term":[{"taxonomy":"product_brand","embeddable":true,"href":"https:\/\/www.pixiedust.fi\/index.php?rest_route=%2Fwp%2Fv2%2Fproduct_brand&post=2234"},{"taxonomy":"product_cat","embeddable":true,"href":"https:\/\/www.pixiedust.fi\/index.php?rest_route=%2Fwp%2Fv2%2Fproduct_cat&post=2234"},{"taxonomy":"product_tag","embeddable":true,"href":"https:\/\/www.pixiedust.fi\/index.php?rest_route=%2Fwp%2Fv2%2Fproduct_tag&post=2234"}],"curies":[{"name":"wp","href":"https:\/\/api.w.org\/{rel}","templated":true}]}}