{"id":2189,"date":"2021-03-25T11:21:57","date_gmt":"2021-03-25T09:21:57","guid":{"rendered":"https:\/\/www.pixiedust.fi\/?post_type=product&#038;p=2189"},"modified":"2023-11-22T01:14:09","modified_gmt":"2023-11-21T23:14:09","slug":"hiusdonitsi-hamppuneulos","status":"publish","type":"product","link":"https:\/\/www.pixiedust.fi\/?product=hiusdonitsi-hamppuneulos","title":{"rendered":"Hiusdonitsi, hamppuneulos"},"content":{"rendered":"<p>Hiusdonitsi.<\/p>\n<p>Valmistettu leikkuupaloista, joita j\u00e4\u00e4 vaatteita valmistaessa.<br \/>\nKuminauhan ymp\u00e4rys noin 15cm.<\/p>\n<p>100% hamppuneulos. V\u00e4rj\u00e4\u00e4m\u00e4t\u00f6n.<br \/>\nTuote on kuvassa etualalla.<\/p>\n<p>Valmistettu Suomessa.<\/p>\n","protected":false},"excerpt":{"rendered":"<p>Hiusdonitsi.<br \/>\n100% hamppu.<\/p>\n","protected":false},"featured_media":2176,"template":"","meta":[],"product_brand":[],"product_cat":[23,35,54],"product_tag":[],"class_list":{"0":"post-2189","1":"product","2":"type-product","3":"status-publish","4":"has-post-thumbnail","6":"product_cat-asusteet","7":"product_cat-hiusdonitsi","8":"product_cat-kaikki-tuotteet","10":"first","11":"instock","12":"taxable","13":"shipping-taxable","14":"purchasable","15":"product-type-simple"},"_links":{"self":[{"href":"https:\/\/www.pixiedust.fi\/index.php?rest_route=\/wp\/v2\/product\/2189","targetHints":{"allow":["GET"]}}],"collection":[{"href":"https:\/\/www.pixiedust.fi\/index.php?rest_route=\/wp\/v2\/product"}],"about":[{"href":"https:\/\/www.pixiedust.fi\/index.php?rest_route=\/wp\/v2\/types\/product"}],"wp:featuredmedia":[{"embeddable":true,"href":"https:\/\/www.pixiedust.fi\/index.php?rest_route=\/wp\/v2\/media\/2176"}],"wp:attachment":[{"href":"https:\/\/www.pixiedust.fi\/index.php?rest_route=%2Fwp%2Fv2%2Fmedia&parent=2189"}],"wp:term":[{"taxonomy":"product_brand","embeddable":true,"href":"https:\/\/www.pixiedust.fi\/index.php?rest_route=%2Fwp%2Fv2%2Fproduct_brand&post=2189"},{"taxonomy":"product_cat","embeddable":true,"href":"https:\/\/www.pixiedust.fi\/index.php?rest_route=%2Fwp%2Fv2%2Fproduct_cat&post=2189"},{"taxonomy":"product_tag","embeddable":true,"href":"https:\/\/www.pixiedust.fi\/index.php?rest_route=%2Fwp%2Fv2%2Fproduct_tag&post=2189"}],"curies":[{"name":"wp","href":"https:\/\/api.w.org\/{rel}","templated":true}]}}