{"id":2163,"date":"2021-03-24T12:29:58","date_gmt":"2021-03-24T10:29:58","guid":{"rendered":"https:\/\/www.pixiedust.fi\/?post_type=product&#038;p=2163"},"modified":"2024-04-26T10:08:59","modified_gmt":"2024-04-26T07:08:59","slug":"helina-hamppumekko-2","status":"publish","type":"product","link":"https:\/\/www.pixiedust.fi\/?product=helina-hamppumekko-2","title":{"rendered":"Helin\u00e4 hamppumekko"},"content":{"rendered":"<p>Aikuisten lyhythihainen hamppumekko.<br \/>\nRintamuotolaskokset, takana halkio ja k\u00e4sin taottu rautanappi.<br \/>\nMekossa on my\u00f6s sivutaskut.<\/p>\n<p><span style=\"font-weight: 400;\">Vaatteen mitat l\u00f6yd\u00e4t viimeisest\u00e4 kuvasta.\u00a0<\/span><\/p>\n<p><span style=\"font-weight: 400;\">Materiaali 100% hamppu.<br \/>\n<\/span>V\u00e4rj\u00e4\u00e4m\u00e4t\u00f6n hamppukangas valmistetaan Romaniassa. Hamppu on materiaalina eritt\u00e4in ymp\u00e4rist\u00f6yst\u00e4v\u00e4llinen. Kasvaessaan se parantaa maaper\u00e4\u00e4 eik\u00e4 se vaadi torjunta-aineita.<\/p>\n<p><span style=\"font-weight: 400;\">Hoito-ohjeena ensisijaisesti tuuletus. Konepesu 40\u00b0C.<br \/>\n<\/span>Rumpukuivausta ei suositella.<\/p>\n<p><span style=\"font-weight: 400;\">Vaate valmistetaan tilauksesta k\u00e4sity\u00f6n\u00e4 Suomessa.<\/span><span style=\"font-weight: 400;\"><br \/>\n<\/span><span style=\"font-weight: 400;\">Toimitusaika 5-14 vuorokautta.<br \/>\n<\/span><\/p>\n<p><em>Kun vaate valmistetaan tilauksesta, mittamuutokset on mahdollista toteuttaa. Jos haluat esimerkiksi pidemm\u00e4n\/lyhyemm\u00e4n helman tai varmistaa jonkin ymp\u00e4rysmitan, olethan yhteydess\u00e4 ennen tilausta <a href=\"mailto:info@pixiedust.fi\">info@pixiedust.fi<\/a><\/em><\/p>\n<p>&nbsp;<\/p>\n","protected":false},"excerpt":{"rendered":"<p>Lyhythihainen hamppumekko.<br \/>\n100% hamppu.<\/p>\n","protected":false},"featured_media":3534,"template":"","meta":[],"product_brand":[],"product_cat":[22,42,54],"product_tag":[],"class_list":{"0":"post-2163","1":"product","2":"type-product","3":"status-publish","4":"has-post-thumbnail","6":"product_cat-aikuiset","7":"product_cat-aikuisten-hamppuvaatteet","8":"product_cat-kaikki-tuotteet","10":"first","11":"instock","12":"taxable","13":"shipping-taxable","14":"purchasable","15":"product-type-variable"},"_links":{"self":[{"href":"https:\/\/www.pixiedust.fi\/index.php?rest_route=\/wp\/v2\/product\/2163","targetHints":{"allow":["GET"]}}],"collection":[{"href":"https:\/\/www.pixiedust.fi\/index.php?rest_route=\/wp\/v2\/product"}],"about":[{"href":"https:\/\/www.pixiedust.fi\/index.php?rest_route=\/wp\/v2\/types\/product"}],"wp:featuredmedia":[{"embeddable":true,"href":"https:\/\/www.pixiedust.fi\/index.php?rest_route=\/wp\/v2\/media\/3534"}],"wp:attachment":[{"href":"https:\/\/www.pixiedust.fi\/index.php?rest_route=%2Fwp%2Fv2%2Fmedia&parent=2163"}],"wp:term":[{"taxonomy":"product_brand","embeddable":true,"href":"https:\/\/www.pixiedust.fi\/index.php?rest_route=%2Fwp%2Fv2%2Fproduct_brand&post=2163"},{"taxonomy":"product_cat","embeddable":true,"href":"https:\/\/www.pixiedust.fi\/index.php?rest_route=%2Fwp%2Fv2%2Fproduct_cat&post=2163"},{"taxonomy":"product_tag","embeddable":true,"href":"https:\/\/www.pixiedust.fi\/index.php?rest_route=%2Fwp%2Fv2%2Fproduct_tag&post=2163"}],"curies":[{"name":"wp","href":"https:\/\/api.w.org\/{rel}","templated":true}]}}