{"id":2138,"date":"2021-03-23T15:46:19","date_gmt":"2021-03-23T13:46:19","guid":{"rendered":"https:\/\/www.pixiedust.fi\/?post_type=product&#038;p=2138"},"modified":"2024-03-21T10:35:30","modified_gmt":"2024-03-21T08:35:30","slug":"henni-hamppuneulospaita","status":"publish","type":"product","link":"https:\/\/www.pixiedust.fi\/?product=henni-hamppuneulospaita","title":{"rendered":"Henni hamppuneulospaita"},"content":{"rendered":"<p>Kaunis hamppuneuloksesta valmistettu pitk\u00e4hihainen paita. Vaate on mitoitukseltaan hieman v\u00e4lj\u00e4 ja paidassa on levenev\u00e4t hihat.<\/p>\n<p>Materiaali 100% hamppu.<br \/>\nV\u00e4rj\u00e4\u00e4m\u00e4t\u00f6n hamppuneulos valmistetaan Romaniassa. Hamppu on materiaalina eritt\u00e4in ymp\u00e4rist\u00f6yst\u00e4v\u00e4llinen. Kasvaessaan se parantaa maaper\u00e4\u00e4 eik\u00e4 se vaadi torjunta-aineita.<\/p>\n<p>Hoito-ohjeena ensisijaisesti tuuletus. Konepesu 40\u00b0C.<br \/>\nRumpukuivausta ei suositella.<br \/>\nNeulos saattaa kutistua ensimm\u00e4isess\u00e4 pesussa pituudesta n. 5%, t\u00e4m\u00e4 on huomioitu mitoissa. N\u00e4et suuntaa antavat mitat viimeisest\u00e4 kuvasta.<\/p>\n<p>Vaate valmistetaan tilauksesta Suomessa.<br \/>\nToimitusaika 5-14 vuorokautta.<\/p>\n<p><em>T\u00e4m\u00e4 vaate voidaan valmistaa my\u00f6s omien mittojen mukaan, jos haluat esimerkiksi pidemm\u00e4n\/lyhyemm\u00e4n helman tai varmistaa jonkin ymp\u00e4rysmitan, olethan yhteydess\u00e4 ennen tilausta\u00a0<a href=\"mailto:info@pixiedust.fi\">info@pixiedust.fi<\/a><\/em><\/p>\n","protected":false},"excerpt":{"rendered":"<p>Pitk\u00e4hihainen neulospaita.<br \/>\n100% hamppu.<\/p>\n","protected":false},"featured_media":2593,"template":"","meta":[],"product_brand":[],"product_cat":[22,42,54],"product_tag":[],"class_list":{"0":"post-2138","1":"product","2":"type-product","3":"status-publish","4":"has-post-thumbnail","6":"product_cat-aikuiset","7":"product_cat-aikuisten-hamppuvaatteet","8":"product_cat-kaikki-tuotteet","10":"first","11":"instock","12":"taxable","13":"shipping-taxable","14":"purchasable","15":"product-type-variable"},"_links":{"self":[{"href":"https:\/\/www.pixiedust.fi\/index.php?rest_route=\/wp\/v2\/product\/2138","targetHints":{"allow":["GET"]}}],"collection":[{"href":"https:\/\/www.pixiedust.fi\/index.php?rest_route=\/wp\/v2\/product"}],"about":[{"href":"https:\/\/www.pixiedust.fi\/index.php?rest_route=\/wp\/v2\/types\/product"}],"wp:featuredmedia":[{"embeddable":true,"href":"https:\/\/www.pixiedust.fi\/index.php?rest_route=\/wp\/v2\/media\/2593"}],"wp:attachment":[{"href":"https:\/\/www.pixiedust.fi\/index.php?rest_route=%2Fwp%2Fv2%2Fmedia&parent=2138"}],"wp:term":[{"taxonomy":"product_brand","embeddable":true,"href":"https:\/\/www.pixiedust.fi\/index.php?rest_route=%2Fwp%2Fv2%2Fproduct_brand&post=2138"},{"taxonomy":"product_cat","embeddable":true,"href":"https:\/\/www.pixiedust.fi\/index.php?rest_route=%2Fwp%2Fv2%2Fproduct_cat&post=2138"},{"taxonomy":"product_tag","embeddable":true,"href":"https:\/\/www.pixiedust.fi\/index.php?rest_route=%2Fwp%2Fv2%2Fproduct_tag&post=2138"}],"curies":[{"name":"wp","href":"https:\/\/api.w.org\/{rel}","templated":true}]}}