{"id":1919,"date":"2020-10-27T19:20:46","date_gmt":"2020-10-27T17:20:46","guid":{"rendered":"https:\/\/www.pixiedust.fi\/?post_type=product&#038;p=1919"},"modified":"2023-11-22T01:14:27","modified_gmt":"2023-11-21T23:14:27","slug":"aava-merinovillapoolo-luonnonvalkoinen","status":"publish","type":"product","link":"https:\/\/www.pixiedust.fi\/?product=aava-merinovillapoolo-luonnonvalkoinen","title":{"rendered":"Aava merinovillapoolo, luonnonvalkoinen"},"content":{"rendered":"<p>Naisten l\u00e4mmin ja pehme\u00e4 merinovillapoolo.<br \/>\nP\u00e4\u00e4ntiet\u00e4 on edest\u00e4 hieman madallettu, jotta kaulus j\u00e4\u00e4 avarammaksi eik\u00e4 paina kaulaa vasten.<br \/>\nPitk\u00e4t hihat, joissa resorin tapaan kaksinkertainen hihansuu.<\/p>\n<p>V\u00e4ri luonnonvalkoinen.<\/p>\n<p>Materiaali 100% mulesing vapaata merinovillaa.<br \/>\nMerinovillaneulos on \u00d6ko-tex sertifioitu ja valmistettu Suomessa.<\/p>\n<p>Merinovillan paras hoitokeino on tuuletus.<br \/>\nJos vaatteessa on n\u00e4kyv\u00e4\u00e4 likaa, voi sen pest\u00e4 paikallisesti kylm\u00e4ll\u00e4 vedell\u00e4 ja villapesuaineella. Merinovilla kest\u00e4\u00e4 my\u00f6s 30\u00b0C hell\u00e4varaisen konepesun.<br \/>\nMuotoile kosteana ja kuivaa mieluiten tasossa.<\/p>\n<p>Valmistetaan tilauksesta k\u00e4sity\u00f6n\u00e4 Suomessa.<br \/>\nToimitusaika 3-14 vrk.<\/p>\n","protected":false},"excerpt":{"rendered":"<p>Naisten luonnonvalkoinen poolopaita.<br \/>\nMateriaali 100% mulesing vapaata merinovillaa.<\/p>\n","protected":false},"featured_media":2008,"template":"","meta":[],"product_brand":[],"product_cat":[22,54,41],"product_tag":[],"class_list":{"0":"post-1919","1":"product","2":"type-product","3":"status-publish","4":"has-post-thumbnail","6":"product_cat-aikuiset","7":"product_cat-kaikki-tuotteet","8":"product_cat-aikuisten-merinovilla-vaatteet","10":"first","11":"instock","12":"taxable","13":"shipping-taxable","14":"purchasable","15":"product-type-variable"},"_links":{"self":[{"href":"https:\/\/www.pixiedust.fi\/index.php?rest_route=\/wp\/v2\/product\/1919","targetHints":{"allow":["GET"]}}],"collection":[{"href":"https:\/\/www.pixiedust.fi\/index.php?rest_route=\/wp\/v2\/product"}],"about":[{"href":"https:\/\/www.pixiedust.fi\/index.php?rest_route=\/wp\/v2\/types\/product"}],"wp:featuredmedia":[{"embeddable":true,"href":"https:\/\/www.pixiedust.fi\/index.php?rest_route=\/wp\/v2\/media\/2008"}],"wp:attachment":[{"href":"https:\/\/www.pixiedust.fi\/index.php?rest_route=%2Fwp%2Fv2%2Fmedia&parent=1919"}],"wp:term":[{"taxonomy":"product_brand","embeddable":true,"href":"https:\/\/www.pixiedust.fi\/index.php?rest_route=%2Fwp%2Fv2%2Fproduct_brand&post=1919"},{"taxonomy":"product_cat","embeddable":true,"href":"https:\/\/www.pixiedust.fi\/index.php?rest_route=%2Fwp%2Fv2%2Fproduct_cat&post=1919"},{"taxonomy":"product_tag","embeddable":true,"href":"https:\/\/www.pixiedust.fi\/index.php?rest_route=%2Fwp%2Fv2%2Fproduct_tag&post=1919"}],"curies":[{"name":"wp","href":"https:\/\/api.w.org\/{rel}","templated":true}]}}