{"id":1819,"date":"2020-08-12T20:39:50","date_gmt":"2020-08-12T17:39:50","guid":{"rendered":"http:\/\/www.pixiedust.fi\/?post_type=product&#038;p=1819"},"modified":"2026-01-11T17:03:44","modified_gmt":"2026-01-11T15:03:44","slug":"mielo-merinovillapaita-104-kultapiisku","status":"publish","type":"product","link":"https:\/\/www.pixiedust.fi\/?product=mielo-merinovillapaita-104-kultapiisku","title":{"rendered":"Mielo merinovillapaita 104, kultapiisku"},"content":{"rendered":"<p>Lasten pitk\u00e4hihainen merinovillapaita. Koko 104.<br \/>\nKasviv\u00e4rj\u00e4tty kultapiiskulla.<br \/>\nK\u00e4sin v\u00e4rj\u00e4tyss\u00e4 tuotteessa voi olla ep\u00e4tasaisuuksia v\u00e4riss\u00e4.<\/p>\n<p>Materiaali 100% mulesing vapaata merinovillaa.<br \/>\nMerinovillaneulos on valmistettu Suomessa.<\/p>\n<p>Hoidoksi riitt\u00e4\u00e4 usein tuuletus, pesu max. 30\u00b0C.<\/p>\n<p>Valmistettu k\u00e4sity\u00f6n\u00e4 Suomessa.<\/p>\n<p>&nbsp;<\/p>\n","protected":false},"excerpt":{"rendered":"<p>Lasten pitk\u00e4hihainen paita.<br \/>\n100% mulesing vapaata merinovillaa.<br \/>\nKoko 104.<\/p>\n","protected":false},"featured_media":3580,"template":"","meta":[],"product_brand":[],"product_cat":[54,20,16],"product_tag":[],"class_list":{"0":"post-1819","1":"product","2":"type-product","3":"status-publish","4":"has-post-thumbnail","6":"product_cat-kaikki-tuotteet","7":"product_cat-lastenpaidat","8":"product_cat-lapset","10":"first","11":"instock","12":"taxable","13":"shipping-taxable","14":"purchasable","15":"product-type-simple"},"_links":{"self":[{"href":"https:\/\/www.pixiedust.fi\/index.php?rest_route=\/wp\/v2\/product\/1819","targetHints":{"allow":["GET"]}}],"collection":[{"href":"https:\/\/www.pixiedust.fi\/index.php?rest_route=\/wp\/v2\/product"}],"about":[{"href":"https:\/\/www.pixiedust.fi\/index.php?rest_route=\/wp\/v2\/types\/product"}],"wp:featuredmedia":[{"embeddable":true,"href":"https:\/\/www.pixiedust.fi\/index.php?rest_route=\/wp\/v2\/media\/3580"}],"wp:attachment":[{"href":"https:\/\/www.pixiedust.fi\/index.php?rest_route=%2Fwp%2Fv2%2Fmedia&parent=1819"}],"wp:term":[{"taxonomy":"product_brand","embeddable":true,"href":"https:\/\/www.pixiedust.fi\/index.php?rest_route=%2Fwp%2Fv2%2Fproduct_brand&post=1819"},{"taxonomy":"product_cat","embeddable":true,"href":"https:\/\/www.pixiedust.fi\/index.php?rest_route=%2Fwp%2Fv2%2Fproduct_cat&post=1819"},{"taxonomy":"product_tag","embeddable":true,"href":"https:\/\/www.pixiedust.fi\/index.php?rest_route=%2Fwp%2Fv2%2Fproduct_tag&post=1819"}],"curies":[{"name":"wp","href":"https:\/\/api.w.org\/{rel}","templated":true}]}}