{"id":1782,"date":"2020-08-12T20:07:13","date_gmt":"2020-08-12T17:07:13","guid":{"rendered":"http:\/\/www.pixiedust.fi\/?post_type=product&#038;p=1782"},"modified":"2023-11-22T01:15:40","modified_gmt":"2023-11-21T23:15:40","slug":"mielo-merinovillapaita-luonnonvalkoinen","status":"publish","type":"product","link":"https:\/\/www.pixiedust.fi\/?product=mielo-merinovillapaita-luonnonvalkoinen","title":{"rendered":"Mielo merinovillapaita, luonnonvalkoinen"},"content":{"rendered":"<p>Lasten pitk\u00e4hihainen merinovillapaita.<\/p>\n<p>Materiaali 100% mulesing vapaata merinovillaa.<br \/>\nMerinovillaneulos on valmistettu Suomessa.<\/p>\n<p>Hoidoksi riitt\u00e4\u00e4 usein tuuletus, pesu max. 30\u00b0C.<\/p>\n<p>Valmistetaan tilauksesta k\u00e4sity\u00f6n\u00e4 Suomessa.<br \/>\nToimitusaika 3-14 vrk.<\/p>\n<p>&nbsp;<\/p>\n","protected":false},"excerpt":{"rendered":"<p>Lasten pitk\u00e4hihainen paita.<br \/>\n100% mulesing vapaata merinovillaa.<\/p>\n","protected":false},"featured_media":2525,"template":"","meta":[],"product_brand":[],"product_cat":[54,20,16],"product_tag":[],"class_list":{"0":"post-1782","1":"product","2":"type-product","3":"status-publish","4":"has-post-thumbnail","6":"product_cat-kaikki-tuotteet","7":"product_cat-lastenpaidat","8":"product_cat-lapset","10":"first","11":"instock","12":"taxable","13":"shipping-taxable","14":"purchasable","15":"product-type-variable"},"_links":{"self":[{"href":"https:\/\/www.pixiedust.fi\/index.php?rest_route=\/wp\/v2\/product\/1782","targetHints":{"allow":["GET"]}}],"collection":[{"href":"https:\/\/www.pixiedust.fi\/index.php?rest_route=\/wp\/v2\/product"}],"about":[{"href":"https:\/\/www.pixiedust.fi\/index.php?rest_route=\/wp\/v2\/types\/product"}],"wp:featuredmedia":[{"embeddable":true,"href":"https:\/\/www.pixiedust.fi\/index.php?rest_route=\/wp\/v2\/media\/2525"}],"wp:attachment":[{"href":"https:\/\/www.pixiedust.fi\/index.php?rest_route=%2Fwp%2Fv2%2Fmedia&parent=1782"}],"wp:term":[{"taxonomy":"product_brand","embeddable":true,"href":"https:\/\/www.pixiedust.fi\/index.php?rest_route=%2Fwp%2Fv2%2Fproduct_brand&post=1782"},{"taxonomy":"product_cat","embeddable":true,"href":"https:\/\/www.pixiedust.fi\/index.php?rest_route=%2Fwp%2Fv2%2Fproduct_cat&post=1782"},{"taxonomy":"product_tag","embeddable":true,"href":"https:\/\/www.pixiedust.fi\/index.php?rest_route=%2Fwp%2Fv2%2Fproduct_tag&post=1782"}],"curies":[{"name":"wp","href":"https:\/\/api.w.org\/{rel}","templated":true}]}}