{"id":1479,"date":"2020-05-15T11:28:26","date_gmt":"2020-05-15T08:28:26","guid":{"rendered":"http:\/\/www.pixiedust.fi\/?post_type=product&#038;p=1479"},"modified":"2024-12-29T17:47:59","modified_gmt":"2024-12-29T15:47:59","slug":"solmupanta-luonnonvalkoinen","status":"publish","type":"product","link":"https:\/\/www.pixiedust.fi\/?product=solmupanta-luonnonvalkoinen","title":{"rendered":"Solmupanta, luonnonvalkoinen"},"content":{"rendered":"<p>Solmupanta.<br \/>\nLuonnonvalkoinen.<\/p>\n<p>Materiaali 100% mulesing vapaata merinovillaa.<br \/>\nMerinovillaneulos on valmistettu Suomessa.<\/p>\n<p>Hoidoksi riitt\u00e4\u00e4 usein tuuletus, pesu max. 30\u00b0C.<\/p>\n<p>Valmistetaan tilauksesta k\u00e4sity\u00f6n\u00e4 Suomessa.<br \/>\nToimitusaika 3-14 vrk.<\/p>\n<p><em>Pst.. Haluaisitko yksiv\u00e4risen kasviv\u00e4rj\u00e4tyn solmupannan?\u00a0 Tai eik\u00f6 kaksiv\u00e4risist\u00e4 l\u00f6ydy juuri oikeaa yhdistelm\u00e4\u00e4 sinulle? Ota yhteytt\u00e4 info@pixiedust.fi, mahdollisuuksien mukaan t\u00e4yt\u00e4n toiveet.<\/em><\/p>\n","protected":false},"excerpt":{"rendered":"<p>Solmupanta.<br \/>\n100% mulesing vapaata merinovillaa.<\/p>\n","protected":false},"featured_media":1908,"template":"","meta":[],"product_brand":[],"product_cat":[29,23,54],"product_tag":[],"class_list":{"0":"post-1479","1":"product","2":"type-product","3":"status-publish","4":"has-post-thumbnail","6":"product_cat-aikuisten-pannat","7":"product_cat-asusteet","8":"product_cat-kaikki-tuotteet","10":"first","11":"instock","12":"taxable","13":"shipping-taxable","14":"purchasable","15":"product-type-simple"},"_links":{"self":[{"href":"https:\/\/www.pixiedust.fi\/index.php?rest_route=\/wp\/v2\/product\/1479","targetHints":{"allow":["GET"]}}],"collection":[{"href":"https:\/\/www.pixiedust.fi\/index.php?rest_route=\/wp\/v2\/product"}],"about":[{"href":"https:\/\/www.pixiedust.fi\/index.php?rest_route=\/wp\/v2\/types\/product"}],"wp:featuredmedia":[{"embeddable":true,"href":"https:\/\/www.pixiedust.fi\/index.php?rest_route=\/wp\/v2\/media\/1908"}],"wp:attachment":[{"href":"https:\/\/www.pixiedust.fi\/index.php?rest_route=%2Fwp%2Fv2%2Fmedia&parent=1479"}],"wp:term":[{"taxonomy":"product_brand","embeddable":true,"href":"https:\/\/www.pixiedust.fi\/index.php?rest_route=%2Fwp%2Fv2%2Fproduct_brand&post=1479"},{"taxonomy":"product_cat","embeddable":true,"href":"https:\/\/www.pixiedust.fi\/index.php?rest_route=%2Fwp%2Fv2%2Fproduct_cat&post=1479"},{"taxonomy":"product_tag","embeddable":true,"href":"https:\/\/www.pixiedust.fi\/index.php?rest_route=%2Fwp%2Fv2%2Fproduct_tag&post=1479"}],"curies":[{"name":"wp","href":"https:\/\/api.w.org\/{rel}","templated":true}]}}