{"id":1367,"date":"2020-04-11T18:38:58","date_gmt":"2020-04-11T15:38:58","guid":{"rendered":"http:\/\/www.pixiedust.fi\/?post_type=product&#038;p=1367"},"modified":"2023-11-22T01:16:36","modified_gmt":"2023-11-21T23:16:36","slug":"lahjakortti","status":"publish","type":"product","link":"https:\/\/www.pixiedust.fi\/?product=lahjakortti","title":{"rendered":"Lahjakortti"},"content":{"rendered":"<p>Lahjakortti Pixie Dust -verkkokauppaan.<\/p>\n<p>Lahjakortti on voimassa 6kk ostop\u00e4iv\u00e4st\u00e4.<\/p>\n<p>Saat lahjakortin toimitettuna postitse tai s\u00e4hk\u00f6postitse.<br \/>\nHuomaathan, ett\u00e4 kortti kirjeen\u00e4 saapuu noin viikon kuluessa. S\u00e4hk\u00f6postitse lahjakortti toimitetaan vuorokauden sis\u00e4ll\u00e4 tilauksesta.<br \/>\nLahjakortissa on koodi, joka sy\u00f6tet\u00e4\u00e4n verkkokaupan kassalla, jolloin lahjakortin summa v\u00e4hennet\u00e4\u00e4n automaattisesti ostoksen loppusummasta.<\/p>\n<p>Jos haluat, ett\u00e4 lahjakortti toimitetaan suoraan saajalle, niin kassalla voit t\u00e4ytt\u00e4\u00e4 saajalle omat yhteystiedot. Jos haluat liitt\u00e4\u00e4 saajalle pienen viestin lahjakortin oheen, niin kirjoita se kassalla lis\u00e4tiedot-kentt\u00e4\u00e4n. Mik\u00e4li haluat antaa lahjakortin itse saajalle, ei saajan tietoja tarvitse laittaa tilaukseen.<\/p>\n<p><em>Huom! Jos tilaat pelk\u00e4n lahjakortin, valitse kassalla toimitustavaksi &#8221;LAHJAKORTIN TOIMITUS 0\u20ac&#8221;.<\/em><\/p>\n","protected":false},"excerpt":{"rendered":"<p>Lahjakortti Pixie Dust -verkkokauppaan.<\/p>\n","protected":false},"featured_media":1464,"template":"","meta":[],"product_brand":[],"product_cat":[23,54,38],"product_tag":[],"class_list":{"0":"post-1367","1":"product","2":"type-product","3":"status-publish","4":"has-post-thumbnail","6":"product_cat-asusteet","7":"product_cat-kaikki-tuotteet","8":"product_cat-lahjakortit","10":"first","11":"instock","12":"taxable","13":"shipping-taxable","14":"purchasable","15":"product-type-variable"},"_links":{"self":[{"href":"https:\/\/www.pixiedust.fi\/index.php?rest_route=\/wp\/v2\/product\/1367","targetHints":{"allow":["GET"]}}],"collection":[{"href":"https:\/\/www.pixiedust.fi\/index.php?rest_route=\/wp\/v2\/product"}],"about":[{"href":"https:\/\/www.pixiedust.fi\/index.php?rest_route=\/wp\/v2\/types\/product"}],"wp:featuredmedia":[{"embeddable":true,"href":"https:\/\/www.pixiedust.fi\/index.php?rest_route=\/wp\/v2\/media\/1464"}],"wp:attachment":[{"href":"https:\/\/www.pixiedust.fi\/index.php?rest_route=%2Fwp%2Fv2%2Fmedia&parent=1367"}],"wp:term":[{"taxonomy":"product_brand","embeddable":true,"href":"https:\/\/www.pixiedust.fi\/index.php?rest_route=%2Fwp%2Fv2%2Fproduct_brand&post=1367"},{"taxonomy":"product_cat","embeddable":true,"href":"https:\/\/www.pixiedust.fi\/index.php?rest_route=%2Fwp%2Fv2%2Fproduct_cat&post=1367"},{"taxonomy":"product_tag","embeddable":true,"href":"https:\/\/www.pixiedust.fi\/index.php?rest_route=%2Fwp%2Fv2%2Fproduct_tag&post=1367"}],"curies":[{"name":"wp","href":"https:\/\/api.w.org\/{rel}","templated":true}]}}