{"id":985,"date":"2019-07-31T21:48:40","date_gmt":"2019-07-31T18:48:40","guid":{"rendered":"http:\/\/www.pixiedust.fi\/?page_id=985"},"modified":"2026-04-05T16:32:39","modified_gmt":"2026-04-05T13:32:39","slug":"jalleenmyyjat-ja-tapahtumat","status":"publish","type":"page","link":"https:\/\/www.pixiedust.fi\/?page_id=985","title":{"rendered":""},"content":{"rendered":"\n<p class=\"has-very-dark-gray-color has-text-color\"><mark style=\"background-color:rgba(0, 0, 0, 0)\" class=\"has-inline-color has-black-color\">TULEVAT TAPAHTUMAT<\/mark><br><br>Designkaverit x Finlandia-talo <strong>Design Kev\u00e4t<\/strong><br>18.-19.4.2026<br>Finlandia-talo, Helsinki<br>Tapahtuma avoinna: lauantaina klo 12-18 &amp; sunnuntaina klo 11-17, vapaa p\u00e4\u00e4sy!<br><a href=\"https:\/\/www.designkaverit.fi\/tapahtumat\/designkaverit-x-finlandia-talo-design-kevt\">https:\/\/www.designkaverit.fi\/tapahtumat\/designkaverit-x-finlandia-talo-design-kevt<\/a><br><br><br><mark style=\"background-color:rgba(0, 0, 0, 0)\" class=\"has-inline-color has-black-color\">J\u00c4LLEENMYYJ\u00c4T<\/mark><br><br><br><strong>VANJA SEA &amp; friends shop &amp; studio<\/strong><br>Ruukintie 9 B, 2. krs<br>10330 Billn\u00e4s<br><a href=\"https:\/\/www.vanjaseaandfriends.com\/fi\">www.vanjaseaandfriends.com<\/a><br><br><strong>ArtStory <\/strong><br>Bollstantie 5<br>10210 Inkoo<br><a href=\"https:\/\/artstory.fi\/\" target=\"_blank\" rel=\"noreferrer noopener\">https:\/\/artstory.fi\/<\/a><br><br><br><strong>Ekokampaamo EKOvanamo<\/strong><br>Piispanpiha 4 F, liiketila 1 <br>02200 Espoo<br><a href=\"https:\/\/ekovanamo.fi\/\">https:\/\/ekovanamo.fi\/<\/a><br><em>(Hiusdonitseja)<\/em><br><br><br><strong>Ekokampaamo Havana<\/strong><br>Vuorikatu 14, liiketila 2<br>70100 Kuopio<br><a href=\"https:\/\/havana-kuopio.fi\/\">https:\/\/havana-kuopio.fi\/<\/a><br><em>(Hiusdonitseja)<\/em><br><a href=\"http:\/\/vanjasea.com\/\"><\/a><\/p>\n\n\n\n<p class=\"has-very-dark-gray-color has-text-color\"><strong>Hiusduetto<\/strong><br>Miina Sillanp\u00e4\u00e4n katu 4<br>00530 Helsinki<br><a href=\"https:\/\/www.hiusduetto.fi\/\">https:\/\/www.hiusduetto.fi\/<\/a><br><em>(Hiusdonitseja)<\/em><br><br><br><br><\/p>\n","protected":false},"excerpt":{"rendered":"<p>TULEVAT TAPAHTUMAT Designkaverit x Finlandia-talo Design Kev\u00e4t18.-19.4.2026Finlandia-talo, HelsinkiTapahtuma avoinna: lauantaina klo 12-18 &amp; sunnuntaina klo 11-17, vapaa p\u00e4\u00e4sy!https:\/\/www.designkaverit.fi\/tapahtumat\/designkaverit-x-finlandia-talo-design-kevt J\u00c4LLEENMYYJ\u00c4T VANJA SEA &amp; friends shop &amp; studioRuukintie 9 B, 2. krs10330 Billn\u00e4swww.vanjaseaandfriends.com ArtStory Bollstantie 510210 Inkoohttps:\/\/artstory.fi\/ Ekokampaamo EKOvanamoPiispanpiha 4 F, liiketila 1 02200 Espoohttps:\/\/ekovanamo.fi\/(Hiusdonitseja) Ekokampaamo HavanaVuorikatu 14, liiketila 270100 Kuopiohttps:\/\/havana-kuopio.fi\/(Hiusdonitseja) HiusduettoMiina Sillanp\u00e4\u00e4n katu 400530 Helsinkihttps:\/\/www.hiusduetto.fi\/(Hiusdonitseja)<\/p>\n","protected":false},"author":1,"featured_media":0,"parent":0,"menu_order":0,"comment_status":"closed","ping_status":"closed","template":"","meta":{"footnotes":""},"class_list":["post-985","page","type-page","status-publish","hentry"],"_links":{"self":[{"href":"https:\/\/www.pixiedust.fi\/index.php?rest_route=\/wp\/v2\/pages\/985","targetHints":{"allow":["GET"]}}],"collection":[{"href":"https:\/\/www.pixiedust.fi\/index.php?rest_route=\/wp\/v2\/pages"}],"about":[{"href":"https:\/\/www.pixiedust.fi\/index.php?rest_route=\/wp\/v2\/types\/page"}],"author":[{"embeddable":true,"href":"https:\/\/www.pixiedust.fi\/index.php?rest_route=\/wp\/v2\/users\/1"}],"replies":[{"embeddable":true,"href":"https:\/\/www.pixiedust.fi\/index.php?rest_route=%2Fwp%2Fv2%2Fcomments&post=985"}],"version-history":[{"count":90,"href":"https:\/\/www.pixiedust.fi\/index.php?rest_route=\/wp\/v2\/pages\/985\/revisions"}],"predecessor-version":[{"id":3965,"href":"https:\/\/www.pixiedust.fi\/index.php?rest_route=\/wp\/v2\/pages\/985\/revisions\/3965"}],"wp:attachment":[{"href":"https:\/\/www.pixiedust.fi\/index.php?rest_route=%2Fwp%2Fv2%2Fmedia&parent=985"}],"curies":[{"name":"wp","href":"https:\/\/api.w.org\/{rel}","templated":true}]}}