{"id":2,"date":"2018-04-24T00:54:50","date_gmt":"2018-04-24T00:54:50","guid":{"rendered":"http:\/\/www.pixiedust.fi\/?page_id=2"},"modified":"2025-12-29T11:45:53","modified_gmt":"2025-12-29T09:45:53","slug":"about","status":"publish","type":"page","link":"https:\/\/www.pixiedust.fi\/?page_id=2","title":{"rendered":""},"content":{"rendered":"<h1>\u00a0<\/h1>\n<p><span style=\"font-weight: 400;\">Pixie Dust on vuonna 2005 perustettu vaatetusalan yritys.<\/span><\/p>\n<p>Yrityksen nime\u00e4 kantava vaatemallisto ja verkkokauppa n\u00e4kiv\u00e4t p\u00e4iv\u00e4nvalon 1. joulukuuta 2018.<br \/>Mallisto koostuu ajattomista luonnonmateriaaleista valmistetuista vaatteista ja asusteista. Vaatteet valmistetaan pienin\u00e4 sarjoina ja tilausten mukaan, tarpeeseen.<\/p>\n<p>V\u00e4rit tuotteisiin tulee luonnosta. Kasviv\u00e4rj\u00e4\u00e4n neulosta ja kangasta k\u00e4sity\u00f6n\u00e4 pieni\u00e4 m\u00e4\u00e4ri\u00e4 kerrallaan, joten v\u00e4rilliset tuotteet ovat yksil\u00f6llisi\u00e4, kun v\u00e4rj\u00e4yksen lopputulos on joka kerta erilainen.<\/p>\n<p>Materiaalit valitaan tarkoin ja niiden alkuper\u00e4\u00e4n perehdyt\u00e4\u00e4n. Suosin kotimaisia valmistajia materiaaleissa ja tarvikkeissa, niin pitk\u00e4lle kuin se on mahdollista. K\u00e4ytt\u00e4mist\u00e4ni materiaaleista l\u00f6yd\u00e4t tiedot <a href=\"https:\/\/www.pixiedust.fi\/?page_id=279\">t\u00e4\u00e4lt\u00e4<\/a>.<\/p>\n<p>Tuotteiden kaavoitus, leikkuu, kasviv\u00e4rj\u00e4ys, ompelu ja viimeistely on kokonaan minun k\u00e4siss\u00e4ni.<br \/>Ajattomat mallit, kest\u00e4v\u00e4t materiaalit ja huolellinen valmistus takaavat sen, ett\u00e4 vaatteita voi k\u00e4ytt\u00e4\u00e4 vuodesta toiseen. Vaatteiden valmistuksesta j\u00e4\u00e4neet leikkuupalat hy\u00f6dynnet\u00e4\u00e4n asusteiden valmistamisessa.<br \/>Haluan mallistollani vaalia k\u00e4dentaitoja ja tarjota kest\u00e4vi\u00e4 vaatteita ymp\u00e4rist\u00f6\u00e4 kunnioittaen.<\/p>\n<p>Mallisto muuttuu ja kasvaa omaan tahtiin, ei vaihdu sesonkien mukaan.<\/p>\n<p>Hitaasti, v\u00e4hemm\u00e4n, ajatuksella, tarpeeseen.<\/p>\n\n\n<p><\/p>\n\n\n\n<div class=\"wp-block-media-text is-stacked-on-mobile\" style=\"grid-template-columns:33% auto\"><figure class=\"wp-block-media-text__media\"><img loading=\"lazy\" decoding=\"async\" width=\"1024\" height=\"1021\" src=\"https:\/\/www.pixiedust.fi\/wp-content\/uploads\/2025\/12\/1.tiina_.varjays-1024x1021.jpeg\" alt=\"\" class=\"wp-image-3935 size-full\" srcset=\"https:\/\/www.pixiedust.fi\/wp-content\/uploads\/2025\/12\/1.tiina_.varjays-1024x1021.jpeg 1024w, https:\/\/www.pixiedust.fi\/wp-content\/uploads\/2025\/12\/1.tiina_.varjays-300x300.jpeg 300w, https:\/\/www.pixiedust.fi\/wp-content\/uploads\/2025\/12\/1.tiina_.varjays-150x150.jpeg 150w, https:\/\/www.pixiedust.fi\/wp-content\/uploads\/2025\/12\/1.tiina_.varjays-768x766.jpeg 768w, https:\/\/www.pixiedust.fi\/wp-content\/uploads\/2025\/12\/1.tiina_.varjays-1536x1532.jpeg 1536w, https:\/\/www.pixiedust.fi\/wp-content\/uploads\/2025\/12\/1.tiina_.varjays-2048x2043.jpeg 2048w, https:\/\/www.pixiedust.fi\/wp-content\/uploads\/2025\/12\/1.tiina_.varjays-416x415.jpeg 416w, https:\/\/www.pixiedust.fi\/wp-content\/uploads\/2025\/12\/1.tiina_.varjays-100x100.jpeg 100w\" sizes=\"auto, (max-width: 1024px) 100vw, 1024px\" \/><\/figure><div class=\"wp-block-media-text__content\">\n<p><br><br><br><br><br><em>Tiina Nyman<br>Vaatetusalan artesaani<br><br><strong>info@pixiedust.fi<\/strong><br>Jag betj\u00e4nar ocks\u00e5 p\u00e5 svenska. <br>Service in English as well.<\/em><\/p>\n<\/div><\/div>\n\n\n\n<div style=\"height:49px\" aria-hidden=\"true\" class=\"wp-block-spacer\"><\/div>\n","protected":false},"excerpt":{"rendered":"<p>\u00a0 Pixie Dust on vuonna 2005 perustettu vaatetusalan yritys. Yrityksen nime\u00e4 kantava vaatemallisto ja verkkokauppa n\u00e4kiv\u00e4t p\u00e4iv\u00e4nvalon 1. joulukuuta 2018.Mallisto koostuu ajattomista luonnonmateriaaleista valmistetuista vaatteista ja asusteista. Vaatteet valmistetaan pienin\u00e4 sarjoina ja tilausten mukaan, tarpeeseen. V\u00e4rit tuotteisiin tulee luonnosta. Kasviv\u00e4rj\u00e4\u00e4n neulosta ja kangasta k\u00e4sity\u00f6n\u00e4 pieni\u00e4 m\u00e4\u00e4ri\u00e4 kerrallaan, joten v\u00e4rilliset tuotteet ovat yksil\u00f6llisi\u00e4, kun v\u00e4rj\u00e4yksen lopputulos [&hellip;]<\/p>\n","protected":false},"author":1,"featured_media":0,"parent":0,"menu_order":0,"comment_status":"closed","ping_status":"closed","template":"","meta":{"footnotes":""},"class_list":["post-2","page","type-page","status-publish","hentry"],"_links":{"self":[{"href":"https:\/\/www.pixiedust.fi\/index.php?rest_route=\/wp\/v2\/pages\/2","targetHints":{"allow":["GET"]}}],"collection":[{"href":"https:\/\/www.pixiedust.fi\/index.php?rest_route=\/wp\/v2\/pages"}],"about":[{"href":"https:\/\/www.pixiedust.fi\/index.php?rest_route=\/wp\/v2\/types\/page"}],"author":[{"embeddable":true,"href":"https:\/\/www.pixiedust.fi\/index.php?rest_route=\/wp\/v2\/users\/1"}],"replies":[{"embeddable":true,"href":"https:\/\/www.pixiedust.fi\/index.php?rest_route=%2Fwp%2Fv2%2Fcomments&post=2"}],"version-history":[{"count":58,"href":"https:\/\/www.pixiedust.fi\/index.php?rest_route=\/wp\/v2\/pages\/2\/revisions"}],"predecessor-version":[{"id":3937,"href":"https:\/\/www.pixiedust.fi\/index.php?rest_route=\/wp\/v2\/pages\/2\/revisions\/3937"}],"wp:attachment":[{"href":"https:\/\/www.pixiedust.fi\/index.php?rest_route=%2Fwp%2Fv2%2Fmedia&parent=2"}],"curies":[{"name":"wp","href":"https:\/\/api.w.org\/{rel}","templated":true}]}}