{"id":1229,"date":"2020-02-09T17:30:47","date_gmt":"2020-02-09T15:30:47","guid":{"rendered":"http:\/\/www.pixiedust.fi\/?page_id=1229"},"modified":"2021-04-05T11:20:06","modified_gmt":"2021-04-05T08:20:06","slug":"mittataulukot","status":"publish","type":"page","link":"https:\/\/www.pixiedust.fi\/?page_id=1229","title":{"rendered":"Mittataulukot"},"content":{"rendered":"\n<figure class=\"wp-block-table\"><table class=\"has-subtle-light-gray-background-color has-background\"><tbody><tr><td>NAISTEN MITTATAULUKKO<\/td><td><\/td><td><\/td><td><\/td><\/tr><tr><td>N\u00e4m\u00e4 mitat ovat vartalon mittoja.<\/td><td><\/td><td><\/td><td><\/td><\/tr><tr><td>KOKO<\/td><td>RINNAN YMP\u00c4RYS<\/td><td>VY\u00d6T\u00c4R\u00d6N YMP\u00c4RYS<\/td><td>LANTION YMP\u00c4RYS<\/td><\/tr><tr><td>XS (34)<\/td><td>82<\/td><td>64<\/td><td>88<\/td><\/tr><tr><td>S (36)<\/td><td>86<\/td><td>70<\/td><td>94<\/td><\/tr><tr><td>M (38-40)<\/td><td>94<\/td><td>76<\/td><td>100<\/td><\/tr><tr><td>L (42-44)<\/td><td>98<\/td><td>80<\/td><td>104<\/td><\/tr><tr><td>XL (46)<\/td><td>106<\/td><td>88<\/td><td>112<\/td><\/tr><tr><td>XXL (48-50)<\/td><td>116<\/td><td>96<\/td><td>120<\/td><\/tr><tr><td>XXXL (54)<\/td><td>128<\/td><td>106<\/td><td>132<\/td><\/tr><tr><td><\/td><td><\/td><td><\/td><td><\/td><\/tr><tr><td>LASTEN MITTATAULUKKO<\/td><td><\/td><td><\/td><td><\/td><\/tr><tr><td>N\u00e4m\u00e4 mitat ovat vartalon mittoja.<\/td><td><\/td><td><\/td><td><\/td><\/tr><tr><td>KOKO<\/td><td>RINNAN YMP\u00c4RYS<\/td><td>VY\u00d6T\u00c4R\u00d6N YMP\u00c4RYS<\/td><td>LANTION YMP\u00c4RYS<\/td><\/tr><tr><td>92<\/td><td>54<\/td><td>53<\/td><td>58<\/td><\/tr><tr><td>98<\/td><td>56<\/td><td>54<\/td><td>60<\/td><\/tr><tr><td>104<\/td><td>58<\/td><td>55<\/td><td>62<\/td><\/tr><tr><td>110<\/td><td>60<\/td><td>56<\/td><td>64<\/td><\/tr><tr><td>116<\/td><td>62<\/td><td>57<\/td><td>66<\/td><\/tr><tr><td>122<\/td><td>64<\/td><td>58<\/td><td>68<\/td><\/tr><tr><td><\/td><td><\/td><td><\/td><td><\/td><\/tr><tr><td>MIESTEN MITTATAULUKKO<\/td><td><\/td><td><\/td><td><\/td><\/tr><tr><td>N\u00e4m\u00e4 mitat ovat vartalon mittoja.<\/td><td><\/td><td><\/td><td><\/td><\/tr><tr><td>KOKO<\/td><td>RINNAN YMP\u00c4RYS<\/td><td>VY\u00d6T\u00c4R\u00d6N YMP\u00c4RYS<\/td><td>LANTION YMP\u00c4RYS<\/td><\/tr><tr><td>S<\/td><td>92<\/td><td>78<\/td><td>96<\/td><\/tr><tr><td>M<\/td><td>96<\/td><td>83<\/td><td>100<\/td><\/tr><tr><td>L<\/td><td>100<\/td><td>88<\/td><td>104<\/td><\/tr><tr><td>XL<\/td><td>104<\/td><td>93<\/td><td>108<\/td><\/tr><tr><td>XXL<\/td><td>108<\/td><td>98<\/td><td>112<\/td><\/tr><\/tbody><\/table><\/figure>\n","protected":false},"excerpt":{"rendered":"<p>NAISTEN MITTATAULUKKO N\u00e4m\u00e4 mitat ovat vartalon mittoja. KOKO RINNAN YMP\u00c4RYS VY\u00d6T\u00c4R\u00d6N YMP\u00c4RYS LANTION YMP\u00c4RYS XS (34) 82 64 88 S (36) 86 70 94 M (38-40) 94 76 100 L (42-44) 98 80 104 XL (46) 106 88 112 XXL (48-50) 116 96 120 XXXL (54) 128 106 132 LASTEN MITTATAULUKKO N\u00e4m\u00e4 mitat ovat vartalon [&hellip;]<\/p>\n","protected":false},"author":1,"featured_media":0,"parent":0,"menu_order":0,"comment_status":"closed","ping_status":"closed","template":"","meta":{"footnotes":""},"class_list":["post-1229","page","type-page","status-publish","hentry"],"_links":{"self":[{"href":"https:\/\/www.pixiedust.fi\/index.php?rest_route=\/wp\/v2\/pages\/1229","targetHints":{"allow":["GET"]}}],"collection":[{"href":"https:\/\/www.pixiedust.fi\/index.php?rest_route=\/wp\/v2\/pages"}],"about":[{"href":"https:\/\/www.pixiedust.fi\/index.php?rest_route=\/wp\/v2\/types\/page"}],"author":[{"embeddable":true,"href":"https:\/\/www.pixiedust.fi\/index.php?rest_route=\/wp\/v2\/users\/1"}],"replies":[{"embeddable":true,"href":"https:\/\/www.pixiedust.fi\/index.php?rest_route=%2Fwp%2Fv2%2Fcomments&post=1229"}],"version-history":[{"count":8,"href":"https:\/\/www.pixiedust.fi\/index.php?rest_route=\/wp\/v2\/pages\/1229\/revisions"}],"predecessor-version":[{"id":2205,"href":"https:\/\/www.pixiedust.fi\/index.php?rest_route=\/wp\/v2\/pages\/1229\/revisions\/2205"}],"wp:attachment":[{"href":"https:\/\/www.pixiedust.fi\/index.php?rest_route=%2Fwp%2Fv2%2Fmedia&parent=1229"}],"curies":[{"name":"wp","href":"https:\/\/api.w.org\/{rel}","templated":true}]}}