{"id":101,"date":"2018-11-26T01:54:16","date_gmt":"2018-11-25T23:54:16","guid":{"rendered":"http:\/\/www.pixiedust.fi\/?page_id=101"},"modified":"2025-11-23T17:12:06","modified_gmt":"2025-11-23T15:12:06","slug":"tietosuojaseloste","status":"publish","type":"page","link":"https:\/\/www.pixiedust.fi\/?page_id=101","title":{"rendered":"Tietosuojaseloste"},"content":{"rendered":"\n<p>TIETOSUOJASELOSTE 26.11.2018<\/p>\n\n\n\n<p>REKISTERINPIT\u00c4J\u00c4<\/p>\n\n\n\n<p>Pixie Dust (Y-tunnus 1968761-5)<br>Yhteyshenkil\u00f6: Tiina Nyman, 040-8354723, info@pixiedust.fi<\/p>\n\n\n\n<p>REKISTERIN NIMI<\/p>\n\n\n\n<p>Pixie Dust asiakasrekisteri<\/p>\n\n\n\n<p>HENKIL\u00d6TIETOJEN K\u00c4SITTELYN TARKOITUS<\/p>\n\n\n\n<p>Henkil\u00f6tietojen k\u00e4sittelyn tarkoitus on yhteydenpito asiakkaisiin, asiakassuhteen yll\u00e4pito ja markkinointi, jos asiakas antaa luvan markkinointiin.<\/p>\n\n\n\n<p>REKISTERIN TIETOSIS\u00c4LT\u00d6<\/p>\n\n\n\n<p>Rekisteriin tallennettavia tietoja ovat: henkil\u00f6n nimi, osoite, puhelinnumero, s\u00e4hk\u00f6postiosoite sek\u00e4 tilatut tuotteet.<br>Tietoja s\u00e4ilytet\u00e4\u00e4n niin kauan kuin asiakassuhde on aktiivinen, henkil\u00f6tiedot poistetaan rekisterist\u00e4 viiden vuoden kuluttua asiakassuhteen p\u00e4\u00e4ttymisest\u00e4. Kirjanpitotositteet tulee s\u00e4ilytt\u00e4\u00e4 kuusi vuotta.<\/p>\n\n\n\n<p>S\u00c4\u00c4NN\u00d6NMUKAISET TIETOL\u00c4HTEET<\/p>\n\n\n\n<p>Rekisteriin tallennettavat tiedot saadaan asiakkaalta itselt\u00e4\u00e4n tilausta tehdess\u00e4. <br><br>TIETOJEN S\u00c4\u00c4NN\u00d6NMUKAISET LUOVUTUKSET JA TIETOJEN SIIRTO EU:N TAI ETAN:N ULKOPUOLELLE <\/p>\n\n\n\n<p>Tietoja ei luovuteta muille tahoille eik\u00e4 tietoja siirret\u00e4 EU:n tai ETA:n ulkopuolelle.<\/p>\n\n\n\n<p>REKISTERIN SUOJAUKSEN PERIAATTEET<\/p>\n\n\n\n<p>Rekisterin k\u00e4sittelyss\u00e4 noudatetaan huolellisuutta ja tietoj\u00e4rjestelmien avulla k\u00e4sitelt\u00e4v\u00e4t tiedot suojataan asianmukaisesti. Kun rekisteritietoja s\u00e4ilytet\u00e4\u00e4n Internet-palvelimilla, niiden laitteiston fyysisest\u00e4 ja digitaalisesta tietoturvasta huolehditaan asiaankuuluvasti. Rekisterinpit\u00e4j\u00e4 huolehtii siit\u00e4, ett\u00e4 tallennettuja tietoja sek\u00e4 palvelimien k\u00e4ytt\u00f6oikeuksia ja muita henkil\u00f6tietojen turvallisuuden kannalta kriittisi\u00e4 tietoja k\u00e4sitell\u00e4\u00e4n luottamuksellisesti ja vain niiden ty\u00f6ntekij\u00f6iden toimesta, joiden ty\u00f6nkuvaan se kuuluu. <\/p>\n\n\n\n<p>TARKASTUSOIKEUS JA OIKEUS VAATIA TIEDON KORJAAMISTA <\/p>\n\n\n\n<p>Jokaisella rekisteriss\u00e4 olevalla henkil\u00f6ll\u00e4 on oikeus tarkistaa rekisteriin tallennetut tietonsa ja vaatia mahdollisen virheellisen tiedon korjaamista tai puutteellisen tiedon t\u00e4ydent\u00e4mist\u00e4. Mik\u00e4li henkil\u00f6 haluaa tarkistaa h\u00e4nest\u00e4 tallennetut tiedot tai vaatia niihin oikaisua, pyynt\u00f6 tulee l\u00e4hett\u00e4\u00e4 kirjallisesti rekisterinpit\u00e4j\u00e4lle. Rekisterinpit\u00e4j\u00e4 voi pyyt\u00e4\u00e4 tarvittaessa pyynn\u00f6n esitt\u00e4j\u00e4\u00e4 todistamaan henkil\u00f6llisyytens\u00e4. Rekisterinpit\u00e4j\u00e4 vastaa asiakkaalle EU:n tietosuoja-asetuksessa s\u00e4\u00e4detyss\u00e4 ajassa (p\u00e4\u00e4s\u00e4\u00e4nt\u00f6isesti kuukauden kuluessa).<\/p>\n\n\n\n<p>MUUT HENKIL\u00d6TIETOJEN K\u00c4SITTELYYN LIITTYV\u00c4T OIKEUDET <\/p>\n\n\n\n<p>Rekisteriss\u00e4 olevalla henkil\u00f6ll\u00e4 on oikeus pyyt\u00e4\u00e4 h\u00e4nt\u00e4 koskevien henkil\u00f6tietojen poistamiseen rekisterist\u00e4 (&#8221;oikeus tulla unohdetuksi&#8221;). Niin ik\u00e4\u00e4n rekister\u00f6idyill\u00e4 on muut EU:n yleisen tietosuoja-asetuksen mukaiset oikeudet kuten henkil\u00f6tietojen k\u00e4sittelyn rajoittaminen tietyiss\u00e4 tilanteissa. Pyynn\u00f6t tulee l\u00e4hett\u00e4\u00e4 kirjallisesti rekisterinpit\u00e4j\u00e4lle. Rekisterinpit\u00e4j\u00e4 voi pyyt\u00e4\u00e4 tarvittaessa pyynn\u00f6n esitt\u00e4j\u00e4\u00e4 todistamaan henkil\u00f6llisyytens\u00e4. Rekisterinpit\u00e4j\u00e4 vastaa asiakkaalle EU:n tietosuoja-asetuksessa s\u00e4\u00e4detyss\u00e4 ajassa (p\u00e4\u00e4s\u00e4\u00e4nt\u00f6isesti kuukauden kuluessa).<\/p>\n\n\n\n<p>EV\u00c4STEET <br><br>Sivustolla k\u00e4ytet\u00e4\u00e4n ev\u00e4steit\u00e4, joilla parannetaan palvelun laatua. Ev\u00e4steiden k\u00e4ytt\u00f6 on suojattu, eik\u00e4 niit\u00e4 k\u00e4ytet\u00e4 k\u00e4ytt\u00e4jien profilointiin. Sivujen selaaminen ilman ev\u00e4steit\u00e4 voi vaikuttaa palvelun toimintaan siten, ett\u00e4 joitain toimintoja ei voida k\u00e4ytt\u00e4\u00e4. Lis\u00e4ksi sivusto voi k\u00e4ytt\u00e4\u00e4 kolmannen osapuolen ev\u00e4steit\u00e4, joita on muun muassa Google Analytics.<\/p>\n\n\n\n<p>Lains\u00e4\u00e4d\u00e4nn\u00f6n muutosten johdosta pid\u00e4t\u00e4mme oikeuden muuttaa tietosuojaselostetta. <br><\/p>\n","protected":false},"excerpt":{"rendered":"<p>TIETOSUOJASELOSTE 26.11.2018 REKISTERINPIT\u00c4J\u00c4 Pixie Dust (Y-tunnus 1968761-5)Yhteyshenkil\u00f6: Tiina Nyman, 040-8354723, info@pixiedust.fi REKISTERIN NIMI Pixie Dust asiakasrekisteri HENKIL\u00d6TIETOJEN K\u00c4SITTELYN TARKOITUS Henkil\u00f6tietojen k\u00e4sittelyn tarkoitus on yhteydenpito asiakkaisiin, asiakassuhteen yll\u00e4pito ja markkinointi, jos asiakas antaa luvan markkinointiin. REKISTERIN TIETOSIS\u00c4LT\u00d6 Rekisteriin tallennettavia tietoja ovat: henkil\u00f6n nimi, osoite, puhelinnumero, s\u00e4hk\u00f6postiosoite sek\u00e4 tilatut tuotteet.Tietoja s\u00e4ilytet\u00e4\u00e4n niin kauan kuin asiakassuhde on aktiivinen, [&hellip;]<\/p>\n","protected":false},"author":1,"featured_media":0,"parent":0,"menu_order":0,"comment_status":"closed","ping_status":"closed","template":"","meta":{"footnotes":""},"class_list":["post-101","page","type-page","status-publish","hentry"],"_links":{"self":[{"href":"https:\/\/www.pixiedust.fi\/index.php?rest_route=\/wp\/v2\/pages\/101","targetHints":{"allow":["GET"]}}],"collection":[{"href":"https:\/\/www.pixiedust.fi\/index.php?rest_route=\/wp\/v2\/pages"}],"about":[{"href":"https:\/\/www.pixiedust.fi\/index.php?rest_route=\/wp\/v2\/types\/page"}],"author":[{"embeddable":true,"href":"https:\/\/www.pixiedust.fi\/index.php?rest_route=\/wp\/v2\/users\/1"}],"replies":[{"embeddable":true,"href":"https:\/\/www.pixiedust.fi\/index.php?rest_route=%2Fwp%2Fv2%2Fcomments&post=101"}],"version-history":[{"count":2,"href":"https:\/\/www.pixiedust.fi\/index.php?rest_route=\/wp\/v2\/pages\/101\/revisions"}],"predecessor-version":[{"id":3902,"href":"https:\/\/www.pixiedust.fi\/index.php?rest_route=\/wp\/v2\/pages\/101\/revisions\/3902"}],"wp:attachment":[{"href":"https:\/\/www.pixiedust.fi\/index.php?rest_route=%2Fwp%2Fv2%2Fmedia&parent=101"}],"curies":[{"name":"wp","href":"https:\/\/api.w.org\/{rel}","templated":true}]}}